{"id":13,"date":"2016-11-27T12:08:57","date_gmt":"2016-11-27T11:08:57","guid":{"rendered":"http:\/\/kunden.albrechtkom.de\/msvbuna\/?page_id=13"},"modified":"2026-04-03T09:21:41","modified_gmt":"2026-04-03T07:21:41","slug":"msv-hallentunier","status":"publish","type":"page","link":"https:\/\/www.buna-schkopau.de\/www.faustball\/msv-hallentunier\/","title":{"rendered":"MSV Hallenturnier"},"content":{"rendered":"<h4 align=\"left\"><span style=\"color: #ff0000;\">Das XXXIV Merseburger Hallenturnier findet am 10\/11.10.2026 statt.<\/span><\/h4>\n<p align=\"left\">Bei den M\u00e4nnern wird ein A und ein B Turnier ausgespielt.<\/p>\n<p align=\"left\">Wir bem\u00fchen uns um kosteng\u00fcnstige \u00dcbernachtungen in Pensionen und einer Turnhalle.<\/p>\n<p align=\"left\"><strong>Merseburger Rischm\u00fchlenhalle<\/strong><\/p>\n<p align=\"left\"><a href=\"https:\/\/www.buna-schkopau.de\/www.faustball\/wp-content\/uploads\/2024\/11\/Rische.jpg\" target=\"_blank\" rel=\"noopener\"><img loading=\"lazy\" decoding=\"async\" class=\"alignnone wp-image-1732 size-large\" src=\"https:\/\/www.buna-schkopau.de\/www.faustball\/wp-content\/uploads\/2024\/11\/Rische-590x332.jpg\" alt=\"\" width=\"590\" height=\"332\" srcset=\"https:\/\/www.buna-schkopau.de\/www.faustball\/wp-content\/uploads\/2024\/11\/Rische-590x332.jpg 590w, https:\/\/www.buna-schkopau.de\/www.faustball\/wp-content\/uploads\/2024\/11\/Rische-300x169.jpg 300w, https:\/\/www.buna-schkopau.de\/www.faustball\/wp-content\/uploads\/2024\/11\/Rische-768x432.jpg 768w, https:\/\/www.buna-schkopau.de\/www.faustball\/wp-content\/uploads\/2024\/11\/Rische-1536x864.jpg 1536w, https:\/\/www.buna-schkopau.de\/www.faustball\/wp-content\/uploads\/2024\/11\/Rische.jpg 1920w\" sizes=\"auto, (max-width: 590px) 100vw, 590px\" \/><\/a><\/p>\n<p align=\"left\"><strong>Sporthalle D\u00fcrerschule<br \/>\n<\/strong><\/p>\n<p align=\"left\"><a href=\"https:\/\/www.buna-schkopau.de\/www.faustball\/wp-content\/uploads\/2024\/10\/Duererschule.jpg\" target=\"_blank\" rel=\"noopener\"><img loading=\"lazy\" decoding=\"async\" class=\"alignnone wp-image-1662 size-large\" src=\"https:\/\/www.buna-schkopau.de\/www.faustball\/wp-content\/uploads\/2024\/10\/Duererschule-590x332.jpg\" alt=\"\" width=\"590\" height=\"332\" srcset=\"https:\/\/www.buna-schkopau.de\/www.faustball\/wp-content\/uploads\/2024\/10\/Duererschule-590x332.jpg 590w, https:\/\/www.buna-schkopau.de\/www.faustball\/wp-content\/uploads\/2024\/10\/Duererschule-300x169.jpg 300w, https:\/\/www.buna-schkopau.de\/www.faustball\/wp-content\/uploads\/2024\/10\/Duererschule-768x432.jpg 768w, https:\/\/www.buna-schkopau.de\/www.faustball\/wp-content\/uploads\/2024\/10\/Duererschule-1536x864.jpg 1536w, https:\/\/www.buna-schkopau.de\/www.faustball\/wp-content\/uploads\/2024\/10\/Duererschule.jpg 1920w\" sizes=\"auto, (max-width: 590px) 100vw, 590px\" \/><\/a><\/p>\n<p align=\"left\"><strong>Gastst\u00e4tte &#8222;Solidarit\u00e4t&#8220;<\/strong><\/p>\n<p><a href=\"https:\/\/www.buna-schkopau.de\/www.faustball\/wp-content\/uploads\/2024\/10\/Solidaritaet-1.jpg\" target=\"_blank\" rel=\"noopener\"><img loading=\"lazy\" decoding=\"async\" class=\"alignnone wp-image-1668 size-large\" src=\"https:\/\/www.buna-schkopau.de\/www.faustball\/wp-content\/uploads\/2024\/10\/Solidaritaet-1-590x332.jpg\" alt=\"\" width=\"590\" height=\"332\" srcset=\"https:\/\/www.buna-schkopau.de\/www.faustball\/wp-content\/uploads\/2024\/10\/Solidaritaet-1-590x332.jpg 590w, https:\/\/www.buna-schkopau.de\/www.faustball\/wp-content\/uploads\/2024\/10\/Solidaritaet-1-300x169.jpg 300w, https:\/\/www.buna-schkopau.de\/www.faustball\/wp-content\/uploads\/2024\/10\/Solidaritaet-1-768x432.jpg 768w, https:\/\/www.buna-schkopau.de\/www.faustball\/wp-content\/uploads\/2024\/10\/Solidaritaet-1-1536x864.jpg 1536w, https:\/\/www.buna-schkopau.de\/www.faustball\/wp-content\/uploads\/2024\/10\/Solidaritaet-1.jpg 1920w\" sizes=\"auto, (max-width: 590px) 100vw, 590px\" \/><\/a><\/p>\n<p><strong>Stadtplan<\/strong><\/p>\n<p><a href=\"https:\/\/www.buna-schkopau.de\/www.faustball\/wp-content\/uploads\/2024\/10\/Merseburg.jpg\" target=\"_blank\" rel=\"noopener\"><img loading=\"lazy\" decoding=\"async\" class=\"alignnone wp-image-1663 size-large\" src=\"https:\/\/www.buna-schkopau.de\/www.faustball\/wp-content\/uploads\/2024\/10\/Merseburg-590x448.jpg\" alt=\"\" width=\"590\" height=\"448\" srcset=\"https:\/\/www.buna-schkopau.de\/www.faustball\/wp-content\/uploads\/2024\/10\/Merseburg-590x448.jpg 590w, https:\/\/www.buna-schkopau.de\/www.faustball\/wp-content\/uploads\/2024\/10\/Merseburg-300x228.jpg 300w, https:\/\/www.buna-schkopau.de\/www.faustball\/wp-content\/uploads\/2024\/10\/Merseburg-768x583.jpg 768w, https:\/\/www.buna-schkopau.de\/www.faustball\/wp-content\/uploads\/2024\/10\/Merseburg.jpg 1422w\" sizes=\"auto, (max-width: 590px) 100vw, 590px\" \/><\/a><\/p>\n<p>&nbsp;<\/p>\n","protected":false},"excerpt":{"rendered":"<p>Das XXXIV Merseburger Hallenturnier findet am 10\/11.10.2026 statt. Bei den M\u00e4nnern wird ein A und ein B Turnier ausgespielt. Wir bem\u00fchen uns um kosteng\u00fcnstige \u00dcbernachtungen in Pensionen und einer Turnhalle. Merseburger Rischm\u00fchlenhalle Sporthalle D\u00fcrerschule Gastst\u00e4tte &#8222;Solidarit\u00e4t&#8220; Stadtplan &nbsp;<\/p>\n","protected":false},"author":1,"featured_media":0,"parent":0,"menu_order":0,"comment_status":"closed","ping_status":"closed","template":"","meta":{"footnotes":""},"class_list":["post-13","page","type-page","status-publish","hentry"],"_links":{"self":[{"href":"https:\/\/www.buna-schkopau.de\/www.faustball\/wp-json\/wp\/v2\/pages\/13","targetHints":{"allow":["GET"]}}],"collection":[{"href":"https:\/\/www.buna-schkopau.de\/www.faustball\/wp-json\/wp\/v2\/pages"}],"about":[{"href":"https:\/\/www.buna-schkopau.de\/www.faustball\/wp-json\/wp\/v2\/types\/page"}],"author":[{"embeddable":true,"href":"https:\/\/www.buna-schkopau.de\/www.faustball\/wp-json\/wp\/v2\/users\/1"}],"replies":[{"embeddable":true,"href":"https:\/\/www.buna-schkopau.de\/www.faustball\/wp-json\/wp\/v2\/comments?post=13"}],"version-history":[{"count":27,"href":"https:\/\/www.buna-schkopau.de\/www.faustball\/wp-json\/wp\/v2\/pages\/13\/revisions"}],"predecessor-version":[{"id":1989,"href":"https:\/\/www.buna-schkopau.de\/www.faustball\/wp-json\/wp\/v2\/pages\/13\/revisions\/1989"}],"wp:attachment":[{"href":"https:\/\/www.buna-schkopau.de\/www.faustball\/wp-json\/wp\/v2\/media?parent=13"}],"curies":[{"name":"wp","href":"https:\/\/api.w.org\/{rel}","templated":true}]}}