{"id":134,"date":"2016-12-08T16:14:28","date_gmt":"2016-12-08T15:14:28","guid":{"rendered":"http:\/\/kunden.albrechtkom.de\/msvbuna\/?page_id=134"},"modified":"2025-05-12T07:49:00","modified_gmt":"2025-05-12T05:49:00","slug":"maenner-des-msv","status":"publish","type":"page","link":"https:\/\/www.buna-schkopau.de\/www.faustball\/maenner-des-msv\/","title":{"rendered":"M\u00e4nner des MSV"},"content":{"rendered":"<p><strong>2. BL Mannschaft Feldsaison 2025<\/strong><\/p>\n<p><a href=\"https:\/\/www.buna-schkopau.de\/www.faustball\/wp-content\/uploads\/2025\/05\/2.BL2025.jpg\" target=\"_blank\" rel=\"noopener\"><img loading=\"lazy\" decoding=\"async\" class=\"alignnone wp-image-1825 size-large\" src=\"https:\/\/www.buna-schkopau.de\/www.faustball\/wp-content\/uploads\/2025\/05\/2.BL2025-590x332.jpg\" alt=\"\" width=\"590\" height=\"332\" srcset=\"https:\/\/www.buna-schkopau.de\/www.faustball\/wp-content\/uploads\/2025\/05\/2.BL2025-590x332.jpg 590w, https:\/\/www.buna-schkopau.de\/www.faustball\/wp-content\/uploads\/2025\/05\/2.BL2025-300x169.jpg 300w, https:\/\/www.buna-schkopau.de\/www.faustball\/wp-content\/uploads\/2025\/05\/2.BL2025-768x432.jpg 768w, https:\/\/www.buna-schkopau.de\/www.faustball\/wp-content\/uploads\/2025\/05\/2.BL2025-1536x864.jpg 1536w, https:\/\/www.buna-schkopau.de\/www.faustball\/wp-content\/uploads\/2025\/05\/2.BL2025.jpg 1920w\" sizes=\"auto, (max-width: 590px) 100vw, 590px\" \/><\/a><\/p>\n<p>hinten v.l.: Stefan Kranz, Fabian Donalies, Luca Vogelpohl, Marcus Lochmann, Utz Sch\u00f6nburg, Uwe Alscher<\/p>\n<p>vorn v.l.: Andreas Beer, Oliver Bitterlich, Chris Schaue, Florian Heimicke<\/p>\n<p>&nbsp;<\/p>\n<p><strong>2. Mannschaft Feldsaison 2025<\/strong><\/p>\n<p><a href=\"https:\/\/www.buna-schkopau.de\/www.faustball\/wp-content\/uploads\/2025\/05\/BunaII2025.jpg\" target=\"_blank\" rel=\"noopener\"><img loading=\"lazy\" decoding=\"async\" class=\"alignnone wp-image-1826 size-large\" src=\"https:\/\/www.buna-schkopau.de\/www.faustball\/wp-content\/uploads\/2025\/05\/BunaII2025-590x332.jpg\" alt=\"\" width=\"590\" height=\"332\" srcset=\"https:\/\/www.buna-schkopau.de\/www.faustball\/wp-content\/uploads\/2025\/05\/BunaII2025-590x332.jpg 590w, https:\/\/www.buna-schkopau.de\/www.faustball\/wp-content\/uploads\/2025\/05\/BunaII2025-300x169.jpg 300w, https:\/\/www.buna-schkopau.de\/www.faustball\/wp-content\/uploads\/2025\/05\/BunaII2025-768x432.jpg 768w, https:\/\/www.buna-schkopau.de\/www.faustball\/wp-content\/uploads\/2025\/05\/BunaII2025-1536x864.jpg 1536w, https:\/\/www.buna-schkopau.de\/www.faustball\/wp-content\/uploads\/2025\/05\/BunaII2025.jpg 1920w\" sizes=\"auto, (max-width: 590px) 100vw, 590px\" \/><\/a><\/p>\n<p>hinten v.l.: Daniel R\u00f6mer, Karsten Schr\u00f6der, Stefan Kranz, Lutz Vogelpohl<\/p>\n<p>vorn v.l.: Uwe Alscher, Jens K\u00f6hler, Thomas Barnickel<\/p>\n<p>&nbsp;<\/p>\n<p>&nbsp;<\/p>\n<p><strong>2. BL Mannschaft Feldsaison 2024<\/strong><\/p>\n<p><a href=\"https:\/\/www.buna-schkopau.de\/www.faustball\/wp-content\/uploads\/2024\/05\/2.-BL2024.jpg\" target=\"_blank\" rel=\"noopener\"><img loading=\"lazy\" decoding=\"async\" class=\"alignnone wp-image-1625 size-large\" src=\"https:\/\/www.buna-schkopau.de\/www.faustball\/wp-content\/uploads\/2024\/05\/2.-BL2024-590x332.jpg\" alt=\"\" width=\"590\" height=\"332\" srcset=\"https:\/\/www.buna-schkopau.de\/www.faustball\/wp-content\/uploads\/2024\/05\/2.-BL2024-590x332.jpg 590w, https:\/\/www.buna-schkopau.de\/www.faustball\/wp-content\/uploads\/2024\/05\/2.-BL2024-300x169.jpg 300w, https:\/\/www.buna-schkopau.de\/www.faustball\/wp-content\/uploads\/2024\/05\/2.-BL2024-768x432.jpg 768w, https:\/\/www.buna-schkopau.de\/www.faustball\/wp-content\/uploads\/2024\/05\/2.-BL2024-1536x864.jpg 1536w, https:\/\/www.buna-schkopau.de\/www.faustball\/wp-content\/uploads\/2024\/05\/2.-BL2024.jpg 1920w\" sizes=\"auto, (max-width: 590px) 100vw, 590px\" \/><\/a><\/p>\n<p>hinten v.l.: Uwe Alscher, Fabian Donalies, Kevin Kollewe, Utz Sch\u00f6nburg, Luca Vogelpohl, Stefan Kranz<\/p>\n<p>vorn v.l.: Simon Turtschan, Tobias Nell, Nick Richter, Oliver Bitterlich<\/p>\n<p>&nbsp;<\/p>\n<p><strong>2. Mannschaft Feldsaison 2024<\/strong><\/p>\n<p><a href=\"https:\/\/www.buna-schkopau.de\/www.faustball\/wp-content\/uploads\/2024\/06\/VL-Mbg-2024.jpg\" target=\"_blank\" rel=\"noopener\"><img loading=\"lazy\" decoding=\"async\" class=\"alignnone wp-image-1638 size-large\" src=\"https:\/\/www.buna-schkopau.de\/www.faustball\/wp-content\/uploads\/2024\/06\/VL-Mbg-2024-590x332.jpg\" alt=\"\" width=\"590\" height=\"332\" srcset=\"https:\/\/www.buna-schkopau.de\/www.faustball\/wp-content\/uploads\/2024\/06\/VL-Mbg-2024-590x332.jpg 590w, https:\/\/www.buna-schkopau.de\/www.faustball\/wp-content\/uploads\/2024\/06\/VL-Mbg-2024-300x169.jpg 300w, https:\/\/www.buna-schkopau.de\/www.faustball\/wp-content\/uploads\/2024\/06\/VL-Mbg-2024-768x432.jpg 768w, https:\/\/www.buna-schkopau.de\/www.faustball\/wp-content\/uploads\/2024\/06\/VL-Mbg-2024-1536x864.jpg 1536w, https:\/\/www.buna-schkopau.de\/www.faustball\/wp-content\/uploads\/2024\/06\/VL-Mbg-2024.jpg 1920w\" sizes=\"auto, (max-width: 590px) 100vw, 590px\" \/><\/a><\/p>\n<p>hinten v.l.: Stefan Kranz, Thomas Barnickel, Steffen Reinhardt, Lutz Vogelpohl<\/p>\n<p>vorn v.l.:, Uwe Alscher, Karsten Schr\u00f6der, Jens K\u00f6hler<\/p>\n<p>&nbsp;<\/p>\n<p><strong>2. BL Mannschaft Feldsaison 2022<\/strong><\/p>\n<p><a href=\"https:\/\/www.buna-schkopau.de\/www.faustball\/wp-content\/uploads\/2022\/05\/2.-BL-Mannschaft-Feldsaison-2022.jpg\" target=\"_blank\" rel=\"noopener\"><img loading=\"lazy\" decoding=\"async\" class=\"alignnone wp-image-1372 size-large\" src=\"https:\/\/www.buna-schkopau.de\/www.faustball\/wp-content\/uploads\/2022\/05\/2.-BL-Mannschaft-Feldsaison-2022-590x332.jpg\" alt=\"\" width=\"590\" height=\"332\" srcset=\"https:\/\/www.buna-schkopau.de\/www.faustball\/wp-content\/uploads\/2022\/05\/2.-BL-Mannschaft-Feldsaison-2022-590x332.jpg 590w, https:\/\/www.buna-schkopau.de\/www.faustball\/wp-content\/uploads\/2022\/05\/2.-BL-Mannschaft-Feldsaison-2022-300x169.jpg 300w, https:\/\/www.buna-schkopau.de\/www.faustball\/wp-content\/uploads\/2022\/05\/2.-BL-Mannschaft-Feldsaison-2022-768x432.jpg 768w, https:\/\/www.buna-schkopau.de\/www.faustball\/wp-content\/uploads\/2022\/05\/2.-BL-Mannschaft-Feldsaison-2022-1536x864.jpg 1536w, https:\/\/www.buna-schkopau.de\/www.faustball\/wp-content\/uploads\/2022\/05\/2.-BL-Mannschaft-Feldsaison-2022.jpg 1920w\" sizes=\"auto, (max-width: 590px) 100vw, 590px\" \/><\/a><\/p>\n<p>hinten v.l.: Stefan Kranz, Uwe Alscher, Kevin Kollewe, Marcus Lochmann, Fabian Donalies<\/p>\n<p>vorn v.l.: Simon Turtschan, Nick Richter, Max Zeisig, Utz Sch\u00f6nburg<\/p>\n<p>&nbsp;<\/p>\n<p><strong>2. Mannschaft Feldsaison 2022<\/strong><\/p>\n<p><a href=\"https:\/\/www.buna-schkopau.de\/www.faustball\/wp-content\/uploads\/2022\/05\/2.-Mannschaft-Feldsaison-2022.jpg\" target=\"_blank\" rel=\"noopener\"><img loading=\"lazy\" decoding=\"async\" class=\"alignnone wp-image-1371 size-large\" src=\"https:\/\/www.buna-schkopau.de\/www.faustball\/wp-content\/uploads\/2022\/05\/2.-Mannschaft-Feldsaison-2022-590x332.jpg\" alt=\"\" width=\"590\" height=\"332\" srcset=\"https:\/\/www.buna-schkopau.de\/www.faustball\/wp-content\/uploads\/2022\/05\/2.-Mannschaft-Feldsaison-2022-590x332.jpg 590w, https:\/\/www.buna-schkopau.de\/www.faustball\/wp-content\/uploads\/2022\/05\/2.-Mannschaft-Feldsaison-2022-300x169.jpg 300w, https:\/\/www.buna-schkopau.de\/www.faustball\/wp-content\/uploads\/2022\/05\/2.-Mannschaft-Feldsaison-2022-768x432.jpg 768w, https:\/\/www.buna-schkopau.de\/www.faustball\/wp-content\/uploads\/2022\/05\/2.-Mannschaft-Feldsaison-2022-1536x864.jpg 1536w, https:\/\/www.buna-schkopau.de\/www.faustball\/wp-content\/uploads\/2022\/05\/2.-Mannschaft-Feldsaison-2022.jpg 1920w\" sizes=\"auto, (max-width: 590px) 100vw, 590px\" \/><\/a><\/p>\n<p>hinten v.l.: Karsten Schr\u00f6der, Steffen Reinhardt, Thomas Barnickel, Jens K\u00f6hler, Lutz Vogelpohl<\/p>\n<p>vorn: Hannes M\u00f6ckl<\/p>\n<p>&nbsp;<\/p>\n<p><strong>2. BL Mannschaft Hallensaison 2021\/22<\/strong><\/p>\n<p><a href=\"https:\/\/www.buna-schkopau.de\/www.faustball\/wp-content\/uploads\/2021\/11\/2.BLMbg2021.1.jpg\" target=\"_blank\" rel=\"noopener\"><img loading=\"lazy\" decoding=\"async\" class=\"alignnone wp-image-1237 size-large\" src=\"https:\/\/www.buna-schkopau.de\/www.faustball\/wp-content\/uploads\/2021\/11\/2.BLMbg2021.1-590x382.jpg\" alt=\"\" width=\"590\" height=\"382\" srcset=\"https:\/\/www.buna-schkopau.de\/www.faustball\/wp-content\/uploads\/2021\/11\/2.BLMbg2021.1-590x382.jpg 590w, https:\/\/www.buna-schkopau.de\/www.faustball\/wp-content\/uploads\/2021\/11\/2.BLMbg2021.1-300x194.jpg 300w, https:\/\/www.buna-schkopau.de\/www.faustball\/wp-content\/uploads\/2021\/11\/2.BLMbg2021.1-768x498.jpg 768w, https:\/\/www.buna-schkopau.de\/www.faustball\/wp-content\/uploads\/2021\/11\/2.BLMbg2021.1-1536x995.jpg 1536w, https:\/\/www.buna-schkopau.de\/www.faustball\/wp-content\/uploads\/2021\/11\/2.BLMbg2021.1.jpg 1920w\" sizes=\"auto, (max-width: 590px) 100vw, 590px\" \/><\/a><\/p>\n<p>hinten v.l.: Luca Vogelpohl, Fabian Donalies,\u00a0 Utz Sch\u00f6nburg, Marcus Lochmann, Uwe Alscher<\/p>\n<p>vorn v.l.: Kevin Kollewe, Simon Turtschan, Nick Richter<\/p>\n<p><strong>2. Mannschaft Hallensaison 2021\/22<\/strong><\/p>\n<p><a href=\"https:\/\/www.buna-schkopau.de\/www.faustball\/wp-content\/uploads\/2022\/02\/BunaII202122.jpg\" target=\"_blank\" rel=\"noopener\"><img loading=\"lazy\" decoding=\"async\" class=\"alignnone wp-image-1331 size-large\" src=\"https:\/\/www.buna-schkopau.de\/www.faustball\/wp-content\/uploads\/2022\/02\/BunaII202122-590x366.jpg\" alt=\"\" width=\"590\" height=\"366\" srcset=\"https:\/\/www.buna-schkopau.de\/www.faustball\/wp-content\/uploads\/2022\/02\/BunaII202122-590x366.jpg 590w, https:\/\/www.buna-schkopau.de\/www.faustball\/wp-content\/uploads\/2022\/02\/BunaII202122-300x186.jpg 300w, https:\/\/www.buna-schkopau.de\/www.faustball\/wp-content\/uploads\/2022\/02\/BunaII202122-768x476.jpg 768w, https:\/\/www.buna-schkopau.de\/www.faustball\/wp-content\/uploads\/2022\/02\/BunaII202122-1536x953.jpg 1536w, https:\/\/www.buna-schkopau.de\/www.faustball\/wp-content\/uploads\/2022\/02\/BunaII202122.jpg 1920w\" sizes=\"auto, (max-width: 590px) 100vw, 590px\" \/><\/a><\/p>\n<p>v.l.: Jens K\u00f6hler, Daniel R\u00f6mer, Lutz Vogelpohl, Thomas Barnickel, Steffen Reinhardt<\/p>\n<p>&nbsp;<\/p>\n<p><strong>2. BL Mannschaft Feldsaison 2021<\/strong><\/p>\n<p><a href=\"https:\/\/buna-schkopau.de\/www.faustball\/wp-content\/uploads\/2021\/07\/2.BL2021.jpg\" target=\"_blank\" rel=\"noopener\"><img loading=\"lazy\" decoding=\"async\" class=\"alignnone wp-image-1184 size-large\" src=\"https:\/\/www.buna-schkopau.de\/www.faustball\/wp-content\/uploads\/2021\/07\/2.BL2021-590x550.jpg\" alt=\"\" width=\"590\" height=\"550\" srcset=\"https:\/\/www.buna-schkopau.de\/www.faustball\/wp-content\/uploads\/2021\/07\/2.BL2021-590x550.jpg 590w, https:\/\/www.buna-schkopau.de\/www.faustball\/wp-content\/uploads\/2021\/07\/2.BL2021-300x280.jpg 300w, https:\/\/www.buna-schkopau.de\/www.faustball\/wp-content\/uploads\/2021\/07\/2.BL2021-768x716.jpg 768w, https:\/\/www.buna-schkopau.de\/www.faustball\/wp-content\/uploads\/2021\/07\/2.BL2021-1536x1432.jpg 1536w, https:\/\/www.buna-schkopau.de\/www.faustball\/wp-content\/uploads\/2021\/07\/2.BL2021.jpg 1920w\" sizes=\"auto, (max-width: 590px) 100vw, 590px\" \/><\/a><\/p>\n<p>hinten v.l.: Kevin Kollewe, Utz Sch\u00f6nburg, Fabian Donalies, Uwe Alscher<\/p>\n<p>vorn v.l.: Max Zeisig, Simon Turtschan, Nick Richter<\/p>\n<p><strong>2. Mannschaft Feldsaison 2021<\/strong><\/p>\n<p><a href=\"https:\/\/buna-schkopau.de\/www.faustball\/wp-content\/uploads\/2021\/07\/Maenner2021.jpg\" target=\"_blank\" rel=\"noopener\"><img loading=\"lazy\" decoding=\"async\" class=\"alignnone wp-image-1181 size-large\" src=\"https:\/\/www.buna-schkopau.de\/www.faustball\/wp-content\/uploads\/2021\/07\/Maenner2021-590x372.jpg\" alt=\"\" width=\"590\" height=\"372\" srcset=\"https:\/\/www.buna-schkopau.de\/www.faustball\/wp-content\/uploads\/2021\/07\/Maenner2021-590x372.jpg 590w, https:\/\/www.buna-schkopau.de\/www.faustball\/wp-content\/uploads\/2021\/07\/Maenner2021-300x189.jpg 300w, https:\/\/www.buna-schkopau.de\/www.faustball\/wp-content\/uploads\/2021\/07\/Maenner2021-768x484.jpg 768w, https:\/\/www.buna-schkopau.de\/www.faustball\/wp-content\/uploads\/2021\/07\/Maenner2021-1536x968.jpg 1536w, https:\/\/www.buna-schkopau.de\/www.faustball\/wp-content\/uploads\/2021\/07\/Maenner2021.jpg 1920w\" sizes=\"auto, (max-width: 590px) 100vw, 590px\" \/><\/a><\/p>\n<p>V.l.: Luca Vogelpohl, Lutz Vogelpohl, Daniel R\u00f6mer, Steffen Reinhardt, Jens K\u00f6hler,<br \/>\nThomas Barnickel, Karsten Schr\u00f6der<\/p>\n<p>&nbsp;<\/p>\n<p align=\"left\">\n","protected":false},"excerpt":{"rendered":"<p>2. BL Mannschaft Feldsaison 2025 hinten v.l.: Stefan Kranz, Fabian Donalies, Luca Vogelpohl, Marcus Lochmann, Utz Sch\u00f6nburg, Uwe Alscher vorn v.l.: Andreas Beer, Oliver Bitterlich, Chris Schaue, Florian Heimicke &nbsp; 2. Mannschaft Feldsaison 2025 hinten v.l.: Daniel R\u00f6mer, Karsten Schr\u00f6der, Stefan Kranz, Lutz Vogelpohl vorn v.l.: Uwe Alscher, Jens K\u00f6hler, Thomas Barnickel &nbsp; &nbsp; 2. [&hellip;]<\/p>\n","protected":false},"author":1,"featured_media":0,"parent":0,"menu_order":0,"comment_status":"closed","ping_status":"closed","template":"","meta":{"footnotes":""},"class_list":["post-134","page","type-page","status-publish","hentry"],"_links":{"self":[{"href":"https:\/\/www.buna-schkopau.de\/www.faustball\/wp-json\/wp\/v2\/pages\/134","targetHints":{"allow":["GET"]}}],"collection":[{"href":"https:\/\/www.buna-schkopau.de\/www.faustball\/wp-json\/wp\/v2\/pages"}],"about":[{"href":"https:\/\/www.buna-schkopau.de\/www.faustball\/wp-json\/wp\/v2\/types\/page"}],"author":[{"embeddable":true,"href":"https:\/\/www.buna-schkopau.de\/www.faustball\/wp-json\/wp\/v2\/users\/1"}],"replies":[{"embeddable":true,"href":"https:\/\/www.buna-schkopau.de\/www.faustball\/wp-json\/wp\/v2\/comments?post=134"}],"version-history":[{"count":34,"href":"https:\/\/www.buna-schkopau.de\/www.faustball\/wp-json\/wp\/v2\/pages\/134\/revisions"}],"predecessor-version":[{"id":1827,"href":"https:\/\/www.buna-schkopau.de\/www.faustball\/wp-json\/wp\/v2\/pages\/134\/revisions\/1827"}],"wp:attachment":[{"href":"https:\/\/www.buna-schkopau.de\/www.faustball\/wp-json\/wp\/v2\/media?parent=134"}],"curies":[{"name":"wp","href":"https:\/\/api.w.org\/{rel}","templated":true}]}}