{"id":1641,"date":"2024-06-18T21:46:55","date_gmt":"2024-06-18T19:46:55","guid":{"rendered":"https:\/\/www.buna-schkopau.de\/www.faustball\/?page_id=1641"},"modified":"2024-11-08T07:20:53","modified_gmt":"2024-11-08T06:20:53","slug":"unsere-foerderer","status":"publish","type":"page","link":"https:\/\/www.buna-schkopau.de\/www.faustball\/unsere-foerderer\/","title":{"rendered":"Unsere F\u00f6rderer"},"content":{"rendered":"<h2>Unsere F\u00f6rderer und Unterst\u00fctzer<\/h2>\n<h2><\/h2>\n<p><a href=\"https:\/\/www.eag-mv.de\/\" target=\"_blank\" rel=\"noopener\"><img loading=\"lazy\" decoding=\"async\" class=\"alignnone wp-image-1642 size-full\" src=\"https:\/\/www.buna-schkopau.de\/www.faustball\/wp-content\/uploads\/2024\/06\/Energieanlagen-Greifswald-GmbH.jpg\" alt=\"\" width=\"526\" height=\"526\" srcset=\"https:\/\/www.buna-schkopau.de\/www.faustball\/wp-content\/uploads\/2024\/06\/Energieanlagen-Greifswald-GmbH.jpg 526w, https:\/\/www.buna-schkopau.de\/www.faustball\/wp-content\/uploads\/2024\/06\/Energieanlagen-Greifswald-GmbH-300x300.jpg 300w\" sizes=\"auto, (max-width: 526px) 100vw, 526px\" \/><\/a><\/p>\n<h4>Energieanlagen Greifswald GmbH<\/h4>\n<h2><\/h2>\n<p><a href=\"https:\/\/www.kreissportbund-saalekreis.de\/\" target=\"_blank\" rel=\"noopener\"><img loading=\"lazy\" decoding=\"async\" class=\"alignnone wp-image-1646 size-full\" src=\"https:\/\/www.buna-schkopau.de\/www.faustball\/wp-content\/uploads\/2024\/06\/Kreissportbund-Saalekreis-e.V.jpg\" alt=\"\" width=\"526\" height=\"526\" srcset=\"https:\/\/www.buna-schkopau.de\/www.faustball\/wp-content\/uploads\/2024\/06\/Kreissportbund-Saalekreis-e.V.jpg 526w, https:\/\/www.buna-schkopau.de\/www.faustball\/wp-content\/uploads\/2024\/06\/Kreissportbund-Saalekreis-e.V-300x300.jpg 300w\" sizes=\"auto, (max-width: 526px) 100vw, 526px\" \/><\/a><\/p>\n<h4>Kreissportbund Saalekreis e.V.<\/h4>\n<h2><\/h2>\n<p><a href=\"http:\/\/kraus-anlagenbau.de\/\" target=\"_blank\" rel=\"noopener\"><img loading=\"lazy\" decoding=\"async\" class=\"alignnone wp-image-1648 size-large\" src=\"https:\/\/www.buna-schkopau.de\/www.faustball\/wp-content\/uploads\/2024\/06\/Mario-Kraus-Anlagenbau-Gmb-590x397.jpg\" alt=\"\" width=\"590\" height=\"397\" srcset=\"https:\/\/www.buna-schkopau.de\/www.faustball\/wp-content\/uploads\/2024\/06\/Mario-Kraus-Anlagenbau-Gmb-590x397.jpg 590w, https:\/\/www.buna-schkopau.de\/www.faustball\/wp-content\/uploads\/2024\/06\/Mario-Kraus-Anlagenbau-Gmb-300x202.jpg 300w, https:\/\/www.buna-schkopau.de\/www.faustball\/wp-content\/uploads\/2024\/06\/Mario-Kraus-Anlagenbau-Gmb-768x517.jpg 768w, https:\/\/www.buna-schkopau.de\/www.faustball\/wp-content\/uploads\/2024\/06\/Mario-Kraus-Anlagenbau-Gmb.jpg 789w\" sizes=\"auto, (max-width: 590px) 100vw, 590px\" \/><\/a><\/p>\n<h4>Mario Kraus Anlagenbau Gmb<\/h4>\n<h2><\/h2>\n<p><a href=\"https:\/\/www.stadtwerke-merseburg.de\/\" target=\"_blank\" rel=\"noopener\"><img loading=\"lazy\" decoding=\"async\" class=\"alignnone wp-image-1650 size-full\" src=\"https:\/\/www.buna-schkopau.de\/www.faustball\/wp-content\/uploads\/2024\/06\/Stadtwerke-Merseburg.jpg\" alt=\"\" width=\"526\" height=\"481\" srcset=\"https:\/\/www.buna-schkopau.de\/www.faustball\/wp-content\/uploads\/2024\/06\/Stadtwerke-Merseburg.jpg 526w, https:\/\/www.buna-schkopau.de\/www.faustball\/wp-content\/uploads\/2024\/06\/Stadtwerke-Merseburg-300x274.jpg 300w\" sizes=\"auto, (max-width: 526px) 100vw, 526px\" \/><\/a><\/p>\n<h4>Stadtwerke Merseburg<\/h4>\n<p><a href=\"https:\/\/www.abellio.de\/\" target=\"_blank\" rel=\"noopener\"><img loading=\"lazy\" decoding=\"async\" class=\"alignnone wp-image-1657 size-full\" src=\"https:\/\/www.buna-schkopau.de\/www.faustball\/wp-content\/uploads\/2024\/08\/Abellio.jpg\" alt=\"\" width=\"526\" height=\"526\" srcset=\"https:\/\/www.buna-schkopau.de\/www.faustball\/wp-content\/uploads\/2024\/08\/Abellio.jpg 526w, https:\/\/www.buna-schkopau.de\/www.faustball\/wp-content\/uploads\/2024\/08\/Abellio-300x300.jpg 300w\" sizes=\"auto, (max-width: 526px) 100vw, 526px\" \/><\/a><\/p>\n<h4>Abellio<\/h4>\n<p><a href=\"https:\/\/www.lottosachsenanhalt.de\/\" target=\"_blank\" rel=\"noopener\"><img loading=\"lazy\" decoding=\"async\" class=\"alignnone wp-image-1714 size-full\" src=\"https:\/\/www.buna-schkopau.de\/www.faustball\/wp-content\/uploads\/2024\/11\/LOTTO.jpg\" alt=\"\" width=\"526\" height=\"526\" srcset=\"https:\/\/www.buna-schkopau.de\/www.faustball\/wp-content\/uploads\/2024\/11\/LOTTO.jpg 526w, https:\/\/www.buna-schkopau.de\/www.faustball\/wp-content\/uploads\/2024\/11\/LOTTO-300x300.jpg 300w\" sizes=\"auto, (max-width: 526px) 100vw, 526px\" \/><\/a><\/p>\n<h4>Lotto Sachsen &#8211; Anhalt<\/h4>\n<p>&nbsp;<\/p>\n","protected":false},"excerpt":{"rendered":"<p>Unsere F\u00f6rderer und Unterst\u00fctzer Energieanlagen Greifswald GmbH Kreissportbund Saalekreis e.V. Mario Kraus Anlagenbau Gmb Stadtwerke Merseburg Abellio Lotto Sachsen &#8211; Anhalt &nbsp;<\/p>\n","protected":false},"author":3,"featured_media":0,"parent":0,"menu_order":0,"comment_status":"closed","ping_status":"closed","template":"","meta":{"footnotes":""},"class_list":["post-1641","page","type-page","status-publish","hentry"],"_links":{"self":[{"href":"https:\/\/www.buna-schkopau.de\/www.faustball\/wp-json\/wp\/v2\/pages\/1641","targetHints":{"allow":["GET"]}}],"collection":[{"href":"https:\/\/www.buna-schkopau.de\/www.faustball\/wp-json\/wp\/v2\/pages"}],"about":[{"href":"https:\/\/www.buna-schkopau.de\/www.faustball\/wp-json\/wp\/v2\/types\/page"}],"author":[{"embeddable":true,"href":"https:\/\/www.buna-schkopau.de\/www.faustball\/wp-json\/wp\/v2\/users\/3"}],"replies":[{"embeddable":true,"href":"https:\/\/www.buna-schkopau.de\/www.faustball\/wp-json\/wp\/v2\/comments?post=1641"}],"version-history":[{"count":9,"href":"https:\/\/www.buna-schkopau.de\/www.faustball\/wp-json\/wp\/v2\/pages\/1641\/revisions"}],"predecessor-version":[{"id":1715,"href":"https:\/\/www.buna-schkopau.de\/www.faustball\/wp-json\/wp\/v2\/pages\/1641\/revisions\/1715"}],"wp:attachment":[{"href":"https:\/\/www.buna-schkopau.de\/www.faustball\/wp-json\/wp\/v2\/media?parent=1641"}],"curies":[{"name":"wp","href":"https:\/\/api.w.org\/{rel}","templated":true}]}}