{"id":169,"date":"2016-12-10T09:17:16","date_gmt":"2016-12-10T08:17:16","guid":{"rendered":"http:\/\/kunden.albrechtkom.de\/msvbuna\/?page_id=169"},"modified":"2016-12-13T09:45:26","modified_gmt":"2016-12-13T08:45:26","slug":"saison","status":"publish","type":"page","link":"https:\/\/www.buna-schkopau.de\/www.faustball\/frauen-des-msv\/saison\/","title":{"rendered":"Saison"},"content":{"rendered":"<ul class=\"lcp_catlist\" id=\"lcp_instance_0\"><li><a href=\"https:\/\/www.buna-schkopau.de\/www.faustball\/letzter-spieltag-frauen-oberliga\/\">Letzter Spieltag Frauen Oberliga<\/a>  20. Januar 2020<div class=\"lcp_excerpt\">\n19.01.2020 Merseburg\n\n\nDer letzte Spieltag unserer Damenmannschaft stand ganz im\nZeichen der Schadensbegrenzung um noch ein paar Punkte sammeln zu k\u00f6nnen. Nur\nleider ...<\/div><\/li><li><a href=\"https:\/\/www.buna-schkopau.de\/www.faustball\/2-spieltag-frauen-oberliga\/\">2. Spieltag Frauen Oberliga<\/a>  30. November 2019<div class=\"lcp_excerpt\">\n 24.11.2019 Basch\u00fctz\n\n\nIn Basch\u00fctz trafen unsere Frauen auf den SV Kubsch\u00fctz und den SV\nLok Schleife.\n\n\nZu Beginn des ersten Spiels konnten ...<\/div><\/li><li><a href=\"https:\/\/www.buna-schkopau.de\/www.faustball\/erster-spieltag-der-frauenmannschaft-in-der-landesliga\/\">Erster Spieltag der Frauenmannschaft in der Landesliga<\/a>  20. Mai 2019<div class=\"lcp_excerpt\">\nAm Sonntag fand der erste Spieltag der Feldsaison f\u00fcr die Frauen in Merseburg statt. Zu Gast waren die Damen aus ...<\/div><\/li><li><a href=\"https:\/\/www.buna-schkopau.de\/www.faustball\/frauenmannschaft-am-2-punktspieltag-sieglos\/\">Frauenmannschaft am 2. Punktspieltag sieglos<\/a>  3. Dezember 2018<div class=\"lcp_excerpt\">Am 02.12.2018 musste unsere Frauenmannschaft zum 2. Punktspieltag in der Oberliga nach Dresden reisen. Gegner waren im Hin- und R\u00fcckspiel ...<\/div><\/li><li><a href=\"https:\/\/www.buna-schkopau.de\/www.faustball\/erster-spieltag-der-oberliga\/\">Erster Spieltag der Oberliga<\/a>  13. November 2018<div class=\"lcp_excerpt\">Der erste Punktspieltag der Oberliga fand am 11.11.2018 in der Rischm\u00fchlenhalle in Merseburg statt. Au\u00dfer den Frauen unseres Vereins waren ...<\/div><\/li><li><a href=\"https:\/\/www.buna-schkopau.de\/www.faustball\/frauen-punktspieltag-in-leipzig\/\">Frauen Punktspieltag in Leipzig<\/a>  29. Januar 2018<div class=\"lcp_excerpt\">Der letzte Punktspieltag der Hallensaison 2017\/ 2018 fand am 28.01.2018 beim SV DHfK Leipzig statt. Neben der Mannschaft aus Leipzig ...<\/div><\/li><li><a href=\"https:\/\/www.buna-schkopau.de\/www.faustball\/frauen-punktspieltag-in-dresden\/\">Frauen Punktspieltag in Dresden<\/a>  12. Dezember 2017<div class=\"lcp_excerpt\">Den ersten Punktspieltag der Hallensaison hatten wir Frauen am 10.12.17 in Dresden. Beginn war f\u00fcr 13.30 Uhr geplant.\nMit etwas Zeitverz\u00f6gerung ...<\/div><\/li><li><a href=\"https:\/\/www.buna-schkopau.de\/www.faustball\/22-05-2016-merseburg\/\">22.05.2016 Merseburg<\/a>  22. Mai 2016<div class=\"lcp_excerpt\">Die Feldsaison begann mit einem hei\u00dfen sonnenreichem Tag. Wir begr\u00fc\u00dften die Mannschaften \u00a0aus Glauchau, Walddorf, Kubsch\u00fctz und Hirschfelde in Merseburg.\nDas ...<\/div><\/li><li><a href=\"https:\/\/www.buna-schkopau.de\/www.faustball\/frauen-spieltag-in-groitzsch\/\">Frauen Spieltag in Groitzsch<\/a>  29. November 2015<div class=\"lcp_excerpt\">Zum Punktspiel am 29.11.15 in Groitzsch traf die Frauenmannschaft des MSV Buna Schkopau auf die Mannschaften des SV 1861 Groitzsch ...<\/div><\/li><li><a href=\"https:\/\/www.buna-schkopau.de\/www.faustball\/frauen-in-merseburg\/\">Frauen in Merseburg<\/a>  22. Februar 2015<div class=\"lcp_excerpt\">Der 7. Punktspieltag der Hallensaison 2014\/ 2015 fand am 22.02.2015 in Merseburg statt. Es traten an: SV Walddorf, ESV Dresden ...<\/div><\/li><li><a href=\"https:\/\/www.buna-schkopau.de\/www.faustball\/23-11-2014-glauchau\/\">23.11.2014 Glauchau<\/a>  23. November 2014<div class=\"lcp_excerpt\">Die Frauen traten in der Sachsenlandhalle zum ersten Spieltag der Hallensaison gegen die Mannschaften des SV 1861 Groitzsch , SG ...<\/div><\/li><\/ul>\n","protected":false},"excerpt":{"rendered":"","protected":false},"author":2,"featured_media":0,"parent":11,"menu_order":0,"comment_status":"closed","ping_status":"closed","template":"","meta":{"footnotes":""},"class_list":["post-169","page","type-page","status-publish","hentry"],"_links":{"self":[{"href":"https:\/\/www.buna-schkopau.de\/www.faustball\/wp-json\/wp\/v2\/pages\/169","targetHints":{"allow":["GET"]}}],"collection":[{"href":"https:\/\/www.buna-schkopau.de\/www.faustball\/wp-json\/wp\/v2\/pages"}],"about":[{"href":"https:\/\/www.buna-schkopau.de\/www.faustball\/wp-json\/wp\/v2\/types\/page"}],"author":[{"embeddable":true,"href":"https:\/\/www.buna-schkopau.de\/www.faustball\/wp-json\/wp\/v2\/users\/2"}],"replies":[{"embeddable":true,"href":"https:\/\/www.buna-schkopau.de\/www.faustball\/wp-json\/wp\/v2\/comments?post=169"}],"version-history":[{"count":7,"href":"https:\/\/www.buna-schkopau.de\/www.faustball\/wp-json\/wp\/v2\/pages\/169\/revisions"}],"predecessor-version":[{"id":505,"href":"https:\/\/www.buna-schkopau.de\/www.faustball\/wp-json\/wp\/v2\/pages\/169\/revisions\/505"}],"up":[{"embeddable":true,"href":"https:\/\/www.buna-schkopau.de\/www.faustball\/wp-json\/wp\/v2\/pages\/11"}],"wp:attachment":[{"href":"https:\/\/www.buna-schkopau.de\/www.faustball\/wp-json\/wp\/v2\/media?parent=169"}],"curies":[{"name":"wp","href":"https:\/\/api.w.org\/{rel}","templated":true}]}}