{"id":22,"date":"2016-11-27T13:49:04","date_gmt":"2016-11-27T12:49:04","guid":{"rendered":"http:\/\/kunden.albrechtkom.de\/msvbuna\/?page_id=22"},"modified":"2016-12-07T10:16:04","modified_gmt":"2016-12-07T09:16:04","slug":"geschichte","status":"publish","type":"page","link":"https:\/\/www.buna-schkopau.de\/www.faustball\/der-msv-verein\/geschichte\/","title":{"rendered":"Geschichte"},"content":{"rendered":"<p>Im Jahre 1901 wurde der Faustballsport erstmals in Merseburg urkundlich erw\u00e4hnt. Dieses alte Turnspiel hatte in den Jahren bis zu Beginn des 2. Weltkrieges seine erste H\u00f6hepunkte. Allein in Merseburg gab es 5 Turnvereine, die Faustball als Wettkampfsport aus\u00fcbten. Die damals erfolgreichste Faustballmannschaft kam vom MTV Merseburg 1861. Sie war auf der MTV &#8211; Kampfbahn, der heutigen Radrennbahn, beheimatet. Die Radrennbahn war \u00fcber viele Jahre hinweg die Trainings- und Wettkampfst\u00e4tte und somit auch die Verbindung der Buna &#8211; Faustballer zum nicht mehr existierenden MTV Merseburg.<\/p>\n<p>&nbsp;<\/p>\n<p>Als die BSG Chemie Buna Schkopau 1948 gegr\u00fcndet wurde, geh\u00f6rten auch die Faustballer zu den neuen Mitgliedern. Nach einer Zeit des Aufbau und der Konsolidierung konnten sich auch die Faustballer neue Ziele stecken. Das der Faustballsport auch in den Nachkriegsjahren regen Zuspruch hatte, Bewiesen die Betriebsmeisterschaften des damaligen Buna &#8211; Kombinates. Auf Grund dieser guten Basis konnten nun auch h\u00f6here Ziele angegangen werden. Bezirksmeistertitel im Nachwuchs- wie auch im M\u00e4nnerbereich waren die Fr\u00fcchte einer kontinuierlichen Arbeitsweise aller verantwortlichen \u00dcbungsleiter und Betreuer. Neben Bezirksmeistertiteln konnten auch sehr\u00a0gute Platzierungen im \u00fcberregionalen Bereich errungen werden. Im Jahre 1987 konnte der schon mehrmals angepeilte Aufstieg in die DDR &#8211; Liga verwirklicht werden. Ebenso qualifizierte sich der m\u00e4nnliche Nachwuchs f\u00fcr die DDR Nachwuchsoberliga. Bis zur Wende waren dann die Faustballer der SV Buna eine spielbestimmende Kraft in der DDR &#8211; Liga.<\/p>\n","protected":false},"excerpt":{"rendered":"<p>Im Jahre 1901 wurde der Faustballsport erstmals in Merseburg urkundlich erw\u00e4hnt. Dieses alte Turnspiel hatte in den Jahren bis zu Beginn des 2. Weltkrieges seine erste H\u00f6hepunkte. Allein in Merseburg gab es 5 Turnvereine, die Faustball als Wettkampfsport aus\u00fcbten. Die damals erfolgreichste Faustballmannschaft kam vom MTV Merseburg 1861. Sie war auf der MTV &#8211; Kampfbahn, [&hellip;]<\/p>\n","protected":false},"author":1,"featured_media":0,"parent":9,"menu_order":0,"comment_status":"closed","ping_status":"closed","template":"","meta":{"footnotes":""},"class_list":["post-22","page","type-page","status-publish","hentry"],"_links":{"self":[{"href":"https:\/\/www.buna-schkopau.de\/www.faustball\/wp-json\/wp\/v2\/pages\/22","targetHints":{"allow":["GET"]}}],"collection":[{"href":"https:\/\/www.buna-schkopau.de\/www.faustball\/wp-json\/wp\/v2\/pages"}],"about":[{"href":"https:\/\/www.buna-schkopau.de\/www.faustball\/wp-json\/wp\/v2\/types\/page"}],"author":[{"embeddable":true,"href":"https:\/\/www.buna-schkopau.de\/www.faustball\/wp-json\/wp\/v2\/users\/1"}],"replies":[{"embeddable":true,"href":"https:\/\/www.buna-schkopau.de\/www.faustball\/wp-json\/wp\/v2\/comments?post=22"}],"version-history":[{"count":2,"href":"https:\/\/www.buna-schkopau.de\/www.faustball\/wp-json\/wp\/v2\/pages\/22\/revisions"}],"predecessor-version":[{"id":44,"href":"https:\/\/www.buna-schkopau.de\/www.faustball\/wp-json\/wp\/v2\/pages\/22\/revisions\/44"}],"up":[{"embeddable":true,"href":"https:\/\/www.buna-schkopau.de\/www.faustball\/wp-json\/wp\/v2\/pages\/9"}],"wp:attachment":[{"href":"https:\/\/www.buna-schkopau.de\/www.faustball\/wp-json\/wp\/v2\/media?parent=22"}],"curies":[{"name":"wp","href":"https:\/\/api.w.org\/{rel}","templated":true}]}}