{"id":397,"date":"2016-12-10T10:52:21","date_gmt":"2016-12-10T09:52:21","guid":{"rendered":"http:\/\/kunden.albrechtkom.de\/msvbuna\/?page_id=397"},"modified":"2022-03-01T08:59:41","modified_gmt":"2022-03-01T07:59:41","slug":"turniere","status":"publish","type":"page","link":"https:\/\/www.buna-schkopau.de\/www.faustball\/nachwuchs\/turniere\/","title":{"rendered":"Turniere"},"content":{"rendered":"<p><strong>26.02.2022 Salzgitter<\/strong><\/p>\n<p><strong>Bunesen nach drei Jahren wieder beim Drohnn Youth Bowl vertreten!<\/strong><\/p>\n<p>Am Samstag, den 26.02.2022, reisten wir mit zwei U12er Teams nach Salzgitter-Bad zum 19. Drohnn Youth Bowl.<br \/>\nIn Salzgitter angekommen, war die Aufregung gro\u00df, da man auf Mannschaften traf, welche man nicht kannte.<br \/>\nDie 1. Mannschaft konnte durch gute spielerische Leistung ins Halbfinale einziehen. Leider musste aufgrund einiger Komplikationen der Einzug ins Finale abgegeben werden. Zudem lagen die Nerven sowohl bei den Spielern als auch bei den Trainern blank. Im Spiel um Platz 3 wurden jedoch nochmal alle Kr\u00e4fte gesammelt und der Sieg wurde geholt!<br \/>\nDie 2. Mannschaft hat bei diesem Turnier an Erfahrung gewonnen und belegte schlussendlich den 8. Platz.<br \/>\nWir freuen uns darauf, einige Mannschaften bei der DM in Leipzig wiederzusehen und unser K\u00f6nnen unter Beweis zu stellen!<\/p>\n<p><a href=\"https:\/\/www.buna-schkopau.de\/www.faustball\/wp-content\/uploads\/2022\/03\/Drohnn-Youth-Bowl.1.jpg\"><img loading=\"lazy\" decoding=\"async\" class=\"alignnone size-large wp-image-1351\" src=\"https:\/\/www.buna-schkopau.de\/www.faustball\/wp-content\/uploads\/2022\/03\/Drohnn-Youth-Bowl.1-590x332.jpg\" alt=\"\" width=\"590\" height=\"332\" srcset=\"https:\/\/www.buna-schkopau.de\/www.faustball\/wp-content\/uploads\/2022\/03\/Drohnn-Youth-Bowl.1-590x332.jpg 590w, https:\/\/www.buna-schkopau.de\/www.faustball\/wp-content\/uploads\/2022\/03\/Drohnn-Youth-Bowl.1-300x169.jpg 300w, https:\/\/www.buna-schkopau.de\/www.faustball\/wp-content\/uploads\/2022\/03\/Drohnn-Youth-Bowl.1-768x432.jpg 768w, https:\/\/www.buna-schkopau.de\/www.faustball\/wp-content\/uploads\/2022\/03\/Drohnn-Youth-Bowl.1-1536x864.jpg 1536w, https:\/\/www.buna-schkopau.de\/www.faustball\/wp-content\/uploads\/2022\/03\/Drohnn-Youth-Bowl.1.jpg 1920w\" sizes=\"auto, (max-width: 590px) 100vw, 590px\" \/><\/a><\/p>\n<p><a href=\"https:\/\/www.buna-schkopau.de\/www.faustball\/wp-content\/uploads\/2022\/03\/Drohnn-Youth-Bowl.2.jpg\"><img loading=\"lazy\" decoding=\"async\" class=\"alignnone size-large wp-image-1352\" src=\"https:\/\/www.buna-schkopau.de\/www.faustball\/wp-content\/uploads\/2022\/03\/Drohnn-Youth-Bowl.2-590x426.jpg\" alt=\"\" width=\"590\" height=\"426\" srcset=\"https:\/\/www.buna-schkopau.de\/www.faustball\/wp-content\/uploads\/2022\/03\/Drohnn-Youth-Bowl.2-590x426.jpg 590w, https:\/\/www.buna-schkopau.de\/www.faustball\/wp-content\/uploads\/2022\/03\/Drohnn-Youth-Bowl.2-300x217.jpg 300w, https:\/\/www.buna-schkopau.de\/www.faustball\/wp-content\/uploads\/2022\/03\/Drohnn-Youth-Bowl.2-768x555.jpg 768w, https:\/\/www.buna-schkopau.de\/www.faustball\/wp-content\/uploads\/2022\/03\/Drohnn-Youth-Bowl.2-1536x1110.jpg 1536w, https:\/\/www.buna-schkopau.de\/www.faustball\/wp-content\/uploads\/2022\/03\/Drohnn-Youth-Bowl.2.jpg 1920w\" sizes=\"auto, (max-width: 590px) 100vw, 590px\" \/><\/a><\/p>\n<p><a href=\"https:\/\/www.buna-schkopau.de\/www.faustball\/wp-content\/uploads\/2022\/03\/Drohnn-Youth-Bowl.3.jpg\"><img loading=\"lazy\" decoding=\"async\" class=\"alignnone size-large wp-image-1353\" src=\"https:\/\/www.buna-schkopau.de\/www.faustball\/wp-content\/uploads\/2022\/03\/Drohnn-Youth-Bowl.3-590x457.jpg\" alt=\"\" width=\"590\" height=\"457\" srcset=\"https:\/\/www.buna-schkopau.de\/www.faustball\/wp-content\/uploads\/2022\/03\/Drohnn-Youth-Bowl.3-590x457.jpg 590w, https:\/\/www.buna-schkopau.de\/www.faustball\/wp-content\/uploads\/2022\/03\/Drohnn-Youth-Bowl.3-300x233.jpg 300w, https:\/\/www.buna-schkopau.de\/www.faustball\/wp-content\/uploads\/2022\/03\/Drohnn-Youth-Bowl.3-768x595.jpg 768w, https:\/\/www.buna-schkopau.de\/www.faustball\/wp-content\/uploads\/2022\/03\/Drohnn-Youth-Bowl.3-1536x1190.jpg 1536w, https:\/\/www.buna-schkopau.de\/www.faustball\/wp-content\/uploads\/2022\/03\/Drohnn-Youth-Bowl.3.jpg 1920w\" sizes=\"auto, (max-width: 590px) 100vw, 590px\" \/><\/a><\/p>\n<p>&nbsp;<\/p>\n<p><strong>10.12.2021 Merseburg<\/strong><\/p>\n<p><strong>Elche finden neues zu Hause<\/strong><\/p>\n<p>Wir k\u00f6nnen eine h\u00f6chst erfreuliche Nachricht \u00fcberbringen.<br \/>\nAlle, den Trainern der Turnzwerge vom MSV Buna Schkopau vorerst \u00fcberlassenen Elche, konnten in liebevolle H\u00e4nde vermittelt werden.<br \/>\nSie wurden als Weihnachts\u00fcberraschung von den Wichteln an alle Turnzwerge-Kinder \u00fcbergeben.<br \/>\nDie Augen und die Freude der neuen kleinen Besitzer waren gro\u00df. Sie schlossen mit den Elchen schnell Freundschaft und gehen fortan zusammen ihre Wege.<\/p>\n<p>Wir danken der Wohnungsgenossenschaft Aufbau e.G. f\u00fcr die freundliche Unterst\u00fctzung und w\u00fcnschen allen ein frohes Weihnachtsfest.<\/p>\n<p>Die Turnzwerge vom MSV Buna Schkopau<\/p>\n<p><a href=\"https:\/\/www.buna-schkopau.de\/www.faustball\/wp-content\/uploads\/2021\/12\/Elche.1.jpg\"><img loading=\"lazy\" decoding=\"async\" class=\"alignnone size-large wp-image-1317\" src=\"https:\/\/www.buna-schkopau.de\/www.faustball\/wp-content\/uploads\/2021\/12\/Elche.1-590x443.jpg\" alt=\"\" width=\"590\" height=\"443\" srcset=\"https:\/\/www.buna-schkopau.de\/www.faustball\/wp-content\/uploads\/2021\/12\/Elche.1-590x443.jpg 590w, https:\/\/www.buna-schkopau.de\/www.faustball\/wp-content\/uploads\/2021\/12\/Elche.1-300x225.jpg 300w, https:\/\/www.buna-schkopau.de\/www.faustball\/wp-content\/uploads\/2021\/12\/Elche.1-768x576.jpg 768w, https:\/\/www.buna-schkopau.de\/www.faustball\/wp-content\/uploads\/2021\/12\/Elche.1-1536x1152.jpg 1536w, https:\/\/www.buna-schkopau.de\/www.faustball\/wp-content\/uploads\/2021\/12\/Elche.1.jpg 1920w\" sizes=\"auto, (max-width: 590px) 100vw, 590px\" \/><\/a><\/p>\n<p><a href=\"https:\/\/www.buna-schkopau.de\/www.faustball\/wp-content\/uploads\/2021\/12\/Elche.2.jpg\"><img loading=\"lazy\" decoding=\"async\" class=\"alignnone size-large wp-image-1318\" src=\"https:\/\/www.buna-schkopau.de\/www.faustball\/wp-content\/uploads\/2021\/12\/Elche.2-590x787.jpg\" alt=\"\" width=\"590\" height=\"787\" srcset=\"https:\/\/www.buna-schkopau.de\/www.faustball\/wp-content\/uploads\/2021\/12\/Elche.2-590x787.jpg 590w, https:\/\/www.buna-schkopau.de\/www.faustball\/wp-content\/uploads\/2021\/12\/Elche.2-225x300.jpg 225w, https:\/\/www.buna-schkopau.de\/www.faustball\/wp-content\/uploads\/2021\/12\/Elche.2-768x1024.jpg 768w, https:\/\/www.buna-schkopau.de\/www.faustball\/wp-content\/uploads\/2021\/12\/Elche.2-1152x1536.jpg 1152w, https:\/\/www.buna-schkopau.de\/www.faustball\/wp-content\/uploads\/2021\/12\/Elche.2.jpg 1200w\" sizes=\"auto, (max-width: 590px) 100vw, 590px\" \/><\/a><\/p>\n<p>&nbsp;<\/p>\n<p>&nbsp;<\/p>\n<p>Am Samstag, den 11.09.2021 waren unsere Turnzwerge zu Gast beim Minikids-Sportfest des KSB Saalekreis e.V. beim SG Eisdorf.<br \/>\nEs waren insgesamt \u00fcber 200 Kinder von 14 Minikidsclubs aus dem Saalekreis vertreten.<br \/>\nNach einer gemeinsamen Erw\u00e4rmung ging es los. Die Kinder konnten ihr K\u00f6nnen an verschiedenen Stationen unter Beweis stellen und sich ausprobieren.<br \/>\nEs hat allen sehr gut gefallen. Bei super Wetter hatten alle Spa\u00df.<br \/>\nVielen Dank auch an die Eltern f\u00fcr das Anfeuern und die Unterst\u00fctzung. Im n\u00e4chsten Jahr sind wir bestimmt wieder dabei.<\/p>\n<p><a href=\"https:\/\/buna-schkopau.de\/www.faustball\/wp-content\/uploads\/2021\/09\/Eisdorf2021.jpg\"><img loading=\"lazy\" decoding=\"async\" class=\"alignnone size-large wp-image-1188\" src=\"https:\/\/buna-schkopau.de\/www.faustball\/wp-content\/uploads\/2021\/09\/Eisdorf2021-590x332.jpg\" alt=\"\" width=\"590\" height=\"332\" srcset=\"https:\/\/www.buna-schkopau.de\/www.faustball\/wp-content\/uploads\/2021\/09\/Eisdorf2021-590x332.jpg 590w, https:\/\/www.buna-schkopau.de\/www.faustball\/wp-content\/uploads\/2021\/09\/Eisdorf2021-300x169.jpg 300w, https:\/\/www.buna-schkopau.de\/www.faustball\/wp-content\/uploads\/2021\/09\/Eisdorf2021-768x432.jpg 768w, https:\/\/www.buna-schkopau.de\/www.faustball\/wp-content\/uploads\/2021\/09\/Eisdorf2021-1536x864.jpg 1536w, https:\/\/www.buna-schkopau.de\/www.faustball\/wp-content\/uploads\/2021\/09\/Eisdorf2021.jpg 1920w\" sizes=\"auto, (max-width: 590px) 100vw, 590px\" \/><\/a><\/p>\n<h2><\/h2>\n<p><strong>09.03.2019 Salzgitter<\/strong><\/p>\n<p><strong>1. Platz f\u00fcr die U 10 beim 17. Drohnn-Youth-Bowl-Turnier<br \/>\n<\/strong><strong>U 8 belegt den 2. Platz<\/strong><\/p>\n<p>Nach 6-j\u00e4hriger Abwesenheit nahmen am 09. M\u00e4rz 2019 unsere U8 und U10 am traditionellen Drohnn-Youth-Bowl- Jugendturnier des NTB-Bezirkes Braunschweig in Salzgitter teil. Ausrichter waren in diesem Jahr der MTV Salzgitter und der MTV Vienenburg. An Hand des Teilnehmerfeldes war zu erkennen, dass auch in den nieders\u00e4chsischen Vereinen die Nachwuchsgewinnung nicht problemlos abl\u00e4uft.<\/p>\n<p>Der Turniersieger der J\u00fcngsten wurde nach Zeit in Hin-und R\u00fcckspielen zwischen unseren Vertretungen, der U10w von TuS Essenrode und der Mixmannschaft U8\/U10 vom MTV Vienenburg ausgespielt.<\/p>\n<p>Im 1. Spiel trafen unsere beiden Mannschaften aufeinander. Die U10 zeigte eine sehr konzentrierte Leistung mit sicheren Annahmen und Zuspielen. Sie siegte mit 32:7. Auch im 2. Spiel gegen TuS Essenrode waren sie weiter konzentriert und gewannen 26:10. Im letzten Spiel der Hinrunde war der Endstand 34:6. Er ist jedoch kein Ausdruck der spielerischen \u00dcberlegenheit, sondern kam haupts\u00e4chlich durch die zahlreichen Fehlangaben der 6-j\u00e4hrigen Vienenburger zustande.<\/p>\n<p>Die R\u00fcckrunde war ein Abbild der Hinspiele. Unsere U10 zeigte keine Konzentrationsschw\u00e4chen oder M\u00fcdigkeitserscheinungen. Alle Spiele wurden klar gewonnen (gegen die U8 29:9\/ TuS Essenrode 28:11\/ Vienenburg 35:10 ).<\/p>\n<p>Die U8 brauchte eine lange Anlaufphase, um sichere Angaben und Annahmen zu machen. Deshalb war auch die knappe Niederlage im Hinspiel gegen TuS Essenrode ( 18:21 ) und die hohe Niederlage gegen die U 10 nicht \u00fcberraschend. Mit einem 45:12 Sieg gegen MTV Vienenburg( bei analoger Fehlerquote des Gegners wie bei der U10 ) beendeten sie die Hinrunde. In der R\u00fcckrunde \u00e4nderte sich das Bild. Die Angabefehler wurden minimiert und es gelangen auch bessere Annahmen und Zuspiele. Nach der 9:29 Niederlage gegen die U10 und dem 28:19 Sieg gegen MTV Vienenburg fiel im letzten Spiel gegen TuS Essenrode die Entscheidung \u00fcber Platz 2 oder 3. Mit einer konzentrierten Leistung gewannen sie 24:21 und damit Platz 2.<\/p>\n<p>Gro\u00dfe Freude herrschte \u00fcber die sehr gute Platzierung und nat\u00fcrlich \u00fcber den gewonnenen Drohnn-Faustball.<\/p>\n<p>Es spielten:<br \/>\nU10: Jonas K\u00f6hler, Anton Keller. Hanna Hindulak<br \/>\nU 8: Tamas Hindulak, Paul K\u00f6cher, Niklas Ebert, Greta Gehre<\/p>\n<h3><\/h3>\n<p><a href=\"https:\/\/buna-schkopau.de\/www.faustball\/wp-content\/uploads\/2019\/03\/Drohnn-Youth-Bowl2019.jpg\"><img loading=\"lazy\" decoding=\"async\" class=\"alignnone size-large wp-image-921\" src=\"https:\/\/buna-schkopau.de\/www.faustball\/wp-content\/uploads\/2019\/03\/Drohnn-Youth-Bowl2019-590x332.jpg\" alt=\"\" width=\"590\" height=\"332\" srcset=\"https:\/\/www.buna-schkopau.de\/www.faustball\/wp-content\/uploads\/2019\/03\/Drohnn-Youth-Bowl2019-590x332.jpg 590w, https:\/\/www.buna-schkopau.de\/www.faustball\/wp-content\/uploads\/2019\/03\/Drohnn-Youth-Bowl2019-300x169.jpg 300w, https:\/\/www.buna-schkopau.de\/www.faustball\/wp-content\/uploads\/2019\/03\/Drohnn-Youth-Bowl2019-768x432.jpg 768w, https:\/\/www.buna-schkopau.de\/www.faustball\/wp-content\/uploads\/2019\/03\/Drohnn-Youth-Bowl2019.jpg 1920w\" sizes=\"auto, (max-width: 590px) 100vw, 590px\" \/><\/a><\/p>\n<h1><\/h1>\n<p><strong>23.03.2013 Waldkirchen<\/strong><\/p>\n<p><strong>J\u00e4hrliches Freundschaftsturniert der U 12 in Waldkirchen<\/strong><\/p>\n<p>Nun schon das dritte Jahr in Folge findet in Waldkirchen das Freundschaftsturnier zwischen dem MSV Buna Schkopau und den Faustballinos von Waldkirchen statt. In diesem Jahr durften wir auch Zeulenroda in unserer Runde begr\u00fc\u00dfen.<br \/>\nMit sehr spannenden Spielen und teilweise knappen Ergebnissen belegten die Jungs von Buna den 1. Platz. Auch die M\u00e4dels waren mit vollem Einsatz dabei und schafften es auf Platz 3. F\u00fcr die Mixmannschaft von Buna reichte es leider nur f\u00fcr Platz 6, jedoch stand Spa\u00df und Freude an der erster Stelle.<br \/>\nIm ersten Halbfinale durften wir mit Spannung das Spiel zwischen Zeulenroda und Waldkirchen 12 bestaunen. (14:12 und 11:3) Das zweite Halbfinale bestritten Buna m\u00e4nnlich gegen Buna weiblich. (11:5 und 13:11) Somit standen die Finalspiele um Platz 1 und Platz drei fest. Im Spiel um Platz drei zeigten die M\u00e4dels von Buna noch einmal was in ihnen steckt und gewannen mit einem spannenden 11:7 und 11:6 gegen Waldkirchen 12. Auch die Jungs von Buna lie\u00dfen sich nichts nehmen und gewannen gegen Zeulenroda mit 11:6 und 11:6. Somit standen sie auf Platz eins. Im Spiel um Platz f\u00fcnf k\u00e4mpfte die Mixmannschaft von Buna mit Unterst\u00fctzung Zeulenroda gegen Waldkirchen 10 (3:11 und 7:11).<\/p>\n<p>Es spielten:<\/p>\n<p>Buna m\u00e4nnlich: Luca Vogelpohl, Max Schwipper, Sina Gehre, Conny Giesecke und Simon G\u00fcnther<br \/>\nBuna weiblich: Laura Arnold, Pauline K\u00fcgler, Anne Valdeig, Jennifer John, und Cindy Schr\u00f6der<br \/>\nBuna Mix: Laura Alscher, Lucas N\u00f6ckel und Melissa Shima mit Unterst\u00fctzung von Zeulenroda und Waldkirchen<\/p>\n<p><strong>16.03.2013 Lahstedt<\/strong><\/p>\n<p>Der 13. Drohnn-Youth-Bowl wurde am 16. M\u00e4rz 2013 in Lahstedt ausgetragen. Veranstalter war der NTB Faustball Braunschweig. Das gr\u00f6\u00dfte Jugend-Hallenfaustballturnier von Niedersachsen wurde in diesem Jahr vom TSV Fortuna Oberg ausgerichtet.<br \/>\nAuch der Bundestrainer Olaf Neuenfeld richtete Gru\u00dfworte an die Veranstaltung des Nachwuchses.<br \/>\nDer MSV Buna Schkopau beteiligte sich in diesem Jahr mit seinen zwei U12 Mannschaften. Die Mannschaft der U12 m\u00e4nnlich konnte sich in ihrer Gruppe gegen die Mannschaften aus Gliesmarode (19:18) Oberg (23:15)und Wrestedt durchsetzen. Auch das Team der weiblichen U 12 spielte im Teilnehmerfeld gut mit. So gewannen sie gegen die Mannschaften vom F.Feld (28:16) und Vienenburg (30:10). Nur gegen den Gastgeber aus Oberg verloren sie ungl\u00fccklich mit 24:23 B\u00e4llen. Die U12 m. kam somit ins Halbfinale. In diesen Spiel zeigte sich deutlich der Altersunterschied gegen\u00fcber den anderen Gegner. Unsere Mannschaften spielten erstmalig in der Altersklasse U 12. Die Teams des MSV schlugen sich trotzdem recht achtbar. Am Schluss belegten beide einen guten 3. Platz bei diesem Turnier. Durch diese guten Platzierungen konnte unser Verein auch in der ewigen Tabelle des Drohnn-Youth-Bowl\u00a0den\u00a03.\u00a0Platz\u00a0hinter\u00a0SCE\u00a0Gliesmarode\u00a0und\u00a0TSV\u00a0Bardowick\u00a0erreichen.<\/p>\n<p><strong>05.01.2013 Zeitz<\/strong><\/p>\n<p>Nachwuchsmannschaften mit guter Platzierung beim Zeitzer Neujahrsturnier<\/p>\n<p>Zur Vorbereitung auf die Landesmeisterschaften nahmen unsere m\u00e4nnliche und weibliche U 12 und die weibliche U 14 am 05.01.2013 in Bestbesetzung am traditionellen Zeitzer Neujahrsturnier teil. Dabei wurden unsere U 14 M\u00e4dchen vor eine besondere Probe gestellt. Sie mu\u00dften ausschlie\u00dflich gegen m\u00e4nnliche Gegner antreten. Im 1. Spiel gegen Greiz-Kurtschau zeigten sie eine technisch starke Leistung und gewannen mit 11:8. Die konzentrierte Spielweise setzte sich auch gegen die Erfurter Jungen fort. Sie erreichten ein 11:11 Unentschieden. Das letzte Vorrundenspiel gegen den Gastgeber konnten sie entspannt angehen. Sie gewannen klar mit 17:8. Damit wurden unsere M\u00e4dchen Gruppenerster und trafen im Halbfinale erneut auf die Zeitzer Jungen. Mit einem 14:11 Sieg standen sie im Finale. Gegner war Greiz-Kurtschau. Trotz gro\u00dfen k\u00e4mpferischen Einsatzes konnten sie einen 2-Punkte Vorsprung in verletzungsbedingter Unterzahl nicht \u00fcber die Zeit bringen und verloren am Ende noch klar mit 9:14. Der 2. Turnierplatz war eine gute Generalprobe f\u00fcr die am 19.01.2013 stattfindenden Landesmeisterschaften.<\/p>\n<p>Entt\u00e4uscht \u00fcber den 3. Platz war unsere m\u00e4nnliche U 12. Nachdem sie souver\u00e4n mit Siegen \u00fcber Gernrode\/Eichsfeld (15:7), Barby (18:8) und Zeitz II (21:4) den 1.Platz in ihrer Vorrundengruppe belegt hatten, standen sie im Halbfinale den Jungen von Greiz-Kurtschau gegen\u00fcber. In einer unkonzentrierten Anfangsphase mit leichtsinnigen Eigenfehlern lagen sie unerwartet mit 0:5 im R\u00fcckstand. Ein Aufb\u00e4umen in der 2. Halbzeit reichte nicht aus, die 11:14 Niederlage noch abzuwenden. Damit war die Chance auf den Turniersieg leichtfertig vergeben. Das Spiel um Platz 3 gegen Gernrode gewannen sie dann sicher mit19:8.<\/p>\n<p>Unsere U 12 M\u00e4dchen verloren ihre Spiele gegen Erfurt (12:13), Kurtschau (7:17) und Zeitz I (7:18). Als 4. ihrer Vorrundengruppe sicherten sie sich mit einem 12:4 den 7. Platz.<\/p>\n<p>Es spielten:<br \/>\nU 14 w.:<br \/>\nMelissa Fetic, Lena Giesecke, Luisa Gohla, Wiebke Reckmann, Johanna Weber<\/p>\n<p>U 12 m.:<br \/>\nLuca Vogelpohl, Simon G\u00fcnter, Conny Giesecke, Alexander Ahrendt, Max Schwipper, Sina Gehre<\/p>\n<p>U 12 w.:<br \/>\nLaura Arnhold, Pauline K\u00fcgler, Jenniffer John, Anne Valdig, Cindy Schr\u00f6der, Jessica Klose<\/p>\n\n\t\t<style type=\"text\/css\">\n\t\t\t#gallery-1 {\n\t\t\t\tmargin: auto;\n\t\t\t}\n\t\t\t#gallery-1 .gallery-item {\n\t\t\t\tfloat: left;\n\t\t\t\tmargin-top: 10px;\n\t\t\t\ttext-align: center;\n\t\t\t\twidth: 25%;\n\t\t\t}\n\t\t\t#gallery-1 img {\n\t\t\t\tborder: 2px solid #cfcfcf;\n\t\t\t}\n\t\t\t#gallery-1 .gallery-caption {\n\t\t\t\tmargin-left: 0;\n\t\t\t}\n\t\t\t\/* see gallery_shortcode() in wp-includes\/media.php *\/\n\t\t<\/style>\n\t\t<div id='gallery-1' class='gallery galleryid-397 gallery-columns-4 gallery-size-thumbnail'><dl class='gallery-item'>\n\t\t\t<dt class='gallery-icon landscape'>\n\t\t\t\t<a href='https:\/\/www.buna-schkopau.de\/www.faustball\/nachwuchs\/turniere\/zeitz2013-1\/'><img loading=\"lazy\" decoding=\"async\" width=\"150\" height=\"130\" src=\"https:\/\/www.buna-schkopau.de\/www.faustball\/wp-content\/uploads\/2016\/12\/Zeitz2013.1-150x130.jpg\" class=\"attachment-thumbnail size-thumbnail\" alt=\"\" \/><\/a>\n\t\t\t<\/dt><\/dl><dl class='gallery-item'>\n\t\t\t<dt class='gallery-icon landscape'>\n\t\t\t\t<a href='https:\/\/www.buna-schkopau.de\/www.faustball\/nachwuchs\/turniere\/zeitz2013-2\/'><img loading=\"lazy\" decoding=\"async\" width=\"150\" height=\"130\" src=\"https:\/\/www.buna-schkopau.de\/www.faustball\/wp-content\/uploads\/2016\/12\/Zeitz2013.2-150x130.jpg\" class=\"attachment-thumbnail size-thumbnail\" alt=\"\" \/><\/a>\n\t\t\t<\/dt><\/dl><dl class='gallery-item'>\n\t\t\t<dt class='gallery-icon landscape'>\n\t\t\t\t<a href='https:\/\/www.buna-schkopau.de\/www.faustball\/nachwuchs\/turniere\/zeitz2013-3\/'><img loading=\"lazy\" decoding=\"async\" width=\"150\" height=\"130\" src=\"https:\/\/www.buna-schkopau.de\/www.faustball\/wp-content\/uploads\/2016\/12\/Zeitz2013.3-150x130.jpg\" class=\"attachment-thumbnail size-thumbnail\" alt=\"\" \/><\/a>\n\t\t\t<\/dt><\/dl><dl class='gallery-item'>\n\t\t\t<dt class='gallery-icon landscape'>\n\t\t\t\t<a href='https:\/\/www.buna-schkopau.de\/www.faustball\/nachwuchs\/turniere\/zeitz2013\/'><img loading=\"lazy\" decoding=\"async\" width=\"150\" height=\"130\" src=\"https:\/\/www.buna-schkopau.de\/www.faustball\/wp-content\/uploads\/2016\/12\/Zeitz2013-150x130.jpg\" class=\"attachment-thumbnail size-thumbnail\" alt=\"\" \/><\/a>\n\t\t\t<\/dt><\/dl><br style=\"clear: both\" \/>\n\t\t<\/div>\n\n","protected":false},"excerpt":{"rendered":"<p>26.02.2022 Salzgitter Bunesen nach drei Jahren wieder beim Drohnn Youth Bowl vertreten! Am Samstag, den 26.02.2022, reisten wir mit zwei U12er Teams nach Salzgitter-Bad zum 19. Drohnn Youth Bowl. In Salzgitter angekommen, war die Aufregung gro\u00df, da man auf Mannschaften traf, welche man nicht kannte. Die 1. Mannschaft konnte durch gute spielerische Leistung ins Halbfinale [&hellip;]<\/p>\n","protected":false},"author":1,"featured_media":0,"parent":352,"menu_order":0,"comment_status":"closed","ping_status":"closed","template":"","meta":{"footnotes":""},"class_list":["post-397","page","type-page","status-publish","hentry"],"_links":{"self":[{"href":"https:\/\/www.buna-schkopau.de\/www.faustball\/wp-json\/wp\/v2\/pages\/397","targetHints":{"allow":["GET"]}}],"collection":[{"href":"https:\/\/www.buna-schkopau.de\/www.faustball\/wp-json\/wp\/v2\/pages"}],"about":[{"href":"https:\/\/www.buna-schkopau.de\/www.faustball\/wp-json\/wp\/v2\/types\/page"}],"author":[{"embeddable":true,"href":"https:\/\/www.buna-schkopau.de\/www.faustball\/wp-json\/wp\/v2\/users\/1"}],"replies":[{"embeddable":true,"href":"https:\/\/www.buna-schkopau.de\/www.faustball\/wp-json\/wp\/v2\/comments?post=397"}],"version-history":[{"count":8,"href":"https:\/\/www.buna-schkopau.de\/www.faustball\/wp-json\/wp\/v2\/pages\/397\/revisions"}],"predecessor-version":[{"id":1354,"href":"https:\/\/www.buna-schkopau.de\/www.faustball\/wp-json\/wp\/v2\/pages\/397\/revisions\/1354"}],"up":[{"embeddable":true,"href":"https:\/\/www.buna-schkopau.de\/www.faustball\/wp-json\/wp\/v2\/pages\/352"}],"wp:attachment":[{"href":"https:\/\/www.buna-schkopau.de\/www.faustball\/wp-json\/wp\/v2\/media?parent=397"}],"curies":[{"name":"wp","href":"https:\/\/api.w.org\/{rel}","templated":true}]}}