{"id":434,"date":"2016-12-10T11:31:22","date_gmt":"2016-12-10T10:31:22","guid":{"rendered":"http:\/\/kunden.albrechtkom.de\/msvbuna\/?page_id=434"},"modified":"2024-11-16T07:31:48","modified_gmt":"2024-11-16T06:31:48","slug":"turn-zwerge","status":"publish","type":"page","link":"https:\/\/www.buna-schkopau.de\/www.faustball\/turn-zwerge\/","title":{"rendered":"Turnzwerge"},"content":{"rendered":"<h4>Training 15.11.2024<\/h4>\n<p><a href=\"https:\/\/www.buna-schkopau.de\/www.faustball\/wp-content\/uploads\/2024\/11\/20241115.1.jpg\" target=\"_blank\" rel=\"noopener\"><img loading=\"lazy\" decoding=\"async\" class=\"alignnone wp-image-1718 size-large\" src=\"https:\/\/www.buna-schkopau.de\/www.faustball\/wp-content\/uploads\/2024\/11\/20241115.1-590x398.jpg\" alt=\"\" width=\"590\" height=\"398\" srcset=\"https:\/\/www.buna-schkopau.de\/www.faustball\/wp-content\/uploads\/2024\/11\/20241115.1-590x398.jpg 590w, https:\/\/www.buna-schkopau.de\/www.faustball\/wp-content\/uploads\/2024\/11\/20241115.1-300x203.jpg 300w, https:\/\/www.buna-schkopau.de\/www.faustball\/wp-content\/uploads\/2024\/11\/20241115.1-768x518.jpg 768w, https:\/\/www.buna-schkopau.de\/www.faustball\/wp-content\/uploads\/2024\/11\/20241115.1-1536x1037.jpg 1536w, https:\/\/www.buna-schkopau.de\/www.faustball\/wp-content\/uploads\/2024\/11\/20241115.1.jpg 1600w\" sizes=\"auto, (max-width: 590px) 100vw, 590px\" \/><\/a><\/p>\n<p><a href=\"https:\/\/www.buna-schkopau.de\/www.faustball\/wp-content\/uploads\/2024\/11\/20241115.2.jpeg\" target=\"_blank\" rel=\"noopener\"><img loading=\"lazy\" decoding=\"async\" class=\"alignnone wp-image-1719 size-large\" src=\"https:\/\/www.buna-schkopau.de\/www.faustball\/wp-content\/uploads\/2024\/11\/20241115.2-590x398.jpeg\" alt=\"\" width=\"590\" height=\"398\" srcset=\"https:\/\/www.buna-schkopau.de\/www.faustball\/wp-content\/uploads\/2024\/11\/20241115.2-590x398.jpeg 590w, https:\/\/www.buna-schkopau.de\/www.faustball\/wp-content\/uploads\/2024\/11\/20241115.2-300x203.jpeg 300w, https:\/\/www.buna-schkopau.de\/www.faustball\/wp-content\/uploads\/2024\/11\/20241115.2-768x518.jpeg 768w, https:\/\/www.buna-schkopau.de\/www.faustball\/wp-content\/uploads\/2024\/11\/20241115.2-1536x1037.jpeg 1536w, https:\/\/www.buna-schkopau.de\/www.faustball\/wp-content\/uploads\/2024\/11\/20241115.2.jpeg 1600w\" sizes=\"auto, (max-width: 590px) 100vw, 590px\" \/><\/a><\/p>\n<p><a href=\"https:\/\/www.buna-schkopau.de\/www.faustball\/wp-content\/uploads\/2024\/11\/20241115.3.jpeg\" target=\"_blank\" rel=\"noopener\"><img loading=\"lazy\" decoding=\"async\" class=\"alignnone wp-image-1720 size-large\" src=\"https:\/\/www.buna-schkopau.de\/www.faustball\/wp-content\/uploads\/2024\/11\/20241115.3-590x398.jpeg\" alt=\"\" width=\"590\" height=\"398\" srcset=\"https:\/\/www.buna-schkopau.de\/www.faustball\/wp-content\/uploads\/2024\/11\/20241115.3-590x398.jpeg 590w, https:\/\/www.buna-schkopau.de\/www.faustball\/wp-content\/uploads\/2024\/11\/20241115.3-300x203.jpeg 300w, https:\/\/www.buna-schkopau.de\/www.faustball\/wp-content\/uploads\/2024\/11\/20241115.3-768x518.jpeg 768w, https:\/\/www.buna-schkopau.de\/www.faustball\/wp-content\/uploads\/2024\/11\/20241115.3-1536x1037.jpeg 1536w, https:\/\/www.buna-schkopau.de\/www.faustball\/wp-content\/uploads\/2024\/11\/20241115.3.jpeg 1600w\" sizes=\"auto, (max-width: 590px) 100vw, 590px\" \/><\/a><\/p>\n<p><a href=\"https:\/\/www.buna-schkopau.de\/www.faustball\/wp-content\/uploads\/2024\/11\/20241115.4.jpeg\" target=\"_blank\" rel=\"noopener\"><img loading=\"lazy\" decoding=\"async\" class=\"alignnone wp-image-1721 size-large\" src=\"https:\/\/www.buna-schkopau.de\/www.faustball\/wp-content\/uploads\/2024\/11\/20241115.4-590x398.jpeg\" alt=\"\" width=\"590\" height=\"398\" srcset=\"https:\/\/www.buna-schkopau.de\/www.faustball\/wp-content\/uploads\/2024\/11\/20241115.4-590x398.jpeg 590w, https:\/\/www.buna-schkopau.de\/www.faustball\/wp-content\/uploads\/2024\/11\/20241115.4-300x203.jpeg 300w, https:\/\/www.buna-schkopau.de\/www.faustball\/wp-content\/uploads\/2024\/11\/20241115.4-768x518.jpeg 768w, https:\/\/www.buna-schkopau.de\/www.faustball\/wp-content\/uploads\/2024\/11\/20241115.4-1536x1037.jpeg 1536w, https:\/\/www.buna-schkopau.de\/www.faustball\/wp-content\/uploads\/2024\/11\/20241115.4.jpeg 1600w\" sizes=\"auto, (max-width: 590px) 100vw, 590px\" \/><\/a><\/p>\n<p><a href=\"https:\/\/www.buna-schkopau.de\/www.faustball\/wp-content\/uploads\/2024\/11\/20241115.5.jpeg\" target=\"_blank\" rel=\"noopener\"><img loading=\"lazy\" decoding=\"async\" class=\"alignnone wp-image-1722 size-large\" src=\"https:\/\/www.buna-schkopau.de\/www.faustball\/wp-content\/uploads\/2024\/11\/20241115.5-590x398.jpeg\" alt=\"\" width=\"590\" height=\"398\" srcset=\"https:\/\/www.buna-schkopau.de\/www.faustball\/wp-content\/uploads\/2024\/11\/20241115.5-590x398.jpeg 590w, https:\/\/www.buna-schkopau.de\/www.faustball\/wp-content\/uploads\/2024\/11\/20241115.5-300x203.jpeg 300w, https:\/\/www.buna-schkopau.de\/www.faustball\/wp-content\/uploads\/2024\/11\/20241115.5-768x518.jpeg 768w, https:\/\/www.buna-schkopau.de\/www.faustball\/wp-content\/uploads\/2024\/11\/20241115.5-1536x1037.jpeg 1536w, https:\/\/www.buna-schkopau.de\/www.faustball\/wp-content\/uploads\/2024\/11\/20241115.5.jpeg 1600w\" sizes=\"auto, (max-width: 590px) 100vw, 590px\" \/><\/a><\/p>\n<p><a href=\"https:\/\/www.buna-schkopau.de\/www.faustball\/wp-content\/uploads\/2024\/11\/20241115.6.jpeg\" target=\"_blank\" rel=\"noopener\"><img loading=\"lazy\" decoding=\"async\" class=\"alignnone wp-image-1723 size-large\" src=\"https:\/\/www.buna-schkopau.de\/www.faustball\/wp-content\/uploads\/2024\/11\/20241115.6-590x398.jpeg\" alt=\"\" width=\"590\" height=\"398\" srcset=\"https:\/\/www.buna-schkopau.de\/www.faustball\/wp-content\/uploads\/2024\/11\/20241115.6-590x398.jpeg 590w, https:\/\/www.buna-schkopau.de\/www.faustball\/wp-content\/uploads\/2024\/11\/20241115.6-300x203.jpeg 300w, https:\/\/www.buna-schkopau.de\/www.faustball\/wp-content\/uploads\/2024\/11\/20241115.6-768x518.jpeg 768w, https:\/\/www.buna-schkopau.de\/www.faustball\/wp-content\/uploads\/2024\/11\/20241115.6-1536x1037.jpeg 1536w, https:\/\/www.buna-schkopau.de\/www.faustball\/wp-content\/uploads\/2024\/11\/20241115.6.jpeg 1600w\" sizes=\"auto, (max-width: 590px) 100vw, 590px\" \/><\/a><\/p>\n<p><a href=\"https:\/\/www.buna-schkopau.de\/www.faustball\/wp-content\/uploads\/2024\/11\/20241115.7.jpeg\" target=\"_blank\" rel=\"noopener\"><img loading=\"lazy\" decoding=\"async\" class=\"alignnone wp-image-1724 size-large\" src=\"https:\/\/www.buna-schkopau.de\/www.faustball\/wp-content\/uploads\/2024\/11\/20241115.7-590x398.jpeg\" alt=\"\" width=\"590\" height=\"398\" srcset=\"https:\/\/www.buna-schkopau.de\/www.faustball\/wp-content\/uploads\/2024\/11\/20241115.7-590x398.jpeg 590w, https:\/\/www.buna-schkopau.de\/www.faustball\/wp-content\/uploads\/2024\/11\/20241115.7-300x203.jpeg 300w, https:\/\/www.buna-schkopau.de\/www.faustball\/wp-content\/uploads\/2024\/11\/20241115.7-768x518.jpeg 768w, https:\/\/www.buna-schkopau.de\/www.faustball\/wp-content\/uploads\/2024\/11\/20241115.7-1536x1037.jpeg 1536w, https:\/\/www.buna-schkopau.de\/www.faustball\/wp-content\/uploads\/2024\/11\/20241115.7.jpeg 1600w\" sizes=\"auto, (max-width: 590px) 100vw, 590px\" \/><\/a><\/p>\n<p><a href=\"https:\/\/www.buna-schkopau.de\/www.faustball\/wp-content\/uploads\/2024\/11\/20241115.8.jpeg\" target=\"_blank\" rel=\"noopener\"><img loading=\"lazy\" decoding=\"async\" class=\"alignnone wp-image-1725 size-large\" src=\"https:\/\/www.buna-schkopau.de\/www.faustball\/wp-content\/uploads\/2024\/11\/20241115.8-590x398.jpeg\" alt=\"\" width=\"590\" height=\"398\" srcset=\"https:\/\/www.buna-schkopau.de\/www.faustball\/wp-content\/uploads\/2024\/11\/20241115.8-590x398.jpeg 590w, https:\/\/www.buna-schkopau.de\/www.faustball\/wp-content\/uploads\/2024\/11\/20241115.8-300x203.jpeg 300w, https:\/\/www.buna-schkopau.de\/www.faustball\/wp-content\/uploads\/2024\/11\/20241115.8-768x518.jpeg 768w, https:\/\/www.buna-schkopau.de\/www.faustball\/wp-content\/uploads\/2024\/11\/20241115.8-1536x1037.jpeg 1536w, https:\/\/www.buna-schkopau.de\/www.faustball\/wp-content\/uploads\/2024\/11\/20241115.8.jpeg 1600w\" sizes=\"auto, (max-width: 590px) 100vw, 590px\" \/><\/a><\/p>\n<p><a href=\"https:\/\/www.buna-schkopau.de\/www.faustball\/wp-content\/uploads\/2024\/11\/20241115.9.jpeg\" target=\"_blank\" rel=\"noopener\"><img loading=\"lazy\" decoding=\"async\" class=\"alignnone wp-image-1726 size-large\" src=\"https:\/\/www.buna-schkopau.de\/www.faustball\/wp-content\/uploads\/2024\/11\/20241115.9-590x398.jpeg\" alt=\"\" width=\"590\" height=\"398\" srcset=\"https:\/\/www.buna-schkopau.de\/www.faustball\/wp-content\/uploads\/2024\/11\/20241115.9-590x398.jpeg 590w, https:\/\/www.buna-schkopau.de\/www.faustball\/wp-content\/uploads\/2024\/11\/20241115.9-300x203.jpeg 300w, https:\/\/www.buna-schkopau.de\/www.faustball\/wp-content\/uploads\/2024\/11\/20241115.9-768x518.jpeg 768w, https:\/\/www.buna-schkopau.de\/www.faustball\/wp-content\/uploads\/2024\/11\/20241115.9-1536x1037.jpeg 1536w, https:\/\/www.buna-schkopau.de\/www.faustball\/wp-content\/uploads\/2024\/11\/20241115.9.jpeg 1600w\" sizes=\"auto, (max-width: 590px) 100vw, 590px\" \/><\/a><\/p>\n<h2><\/h2>\n<p>&nbsp;<\/p>\n<h4>Weihnachtsfeier<\/h4>\n<p>Am 09.12.2016 fand unsere Weihnachtsfeier statt. Geladen waren die Turnzwerge, Eltern, Gro\u00dfeltern und Geschwister. F\u00fcr unsere Turnzwerge fand ein Weihnachtstraining statt.<br \/>\nDie geladenen G\u00e4ste konnten sich gem\u00fctlich zu Kaffee und Kuchen oder einem Becher Gl\u00fchwein zur\u00fccklehnen und das Training verfolgen. Die Spannung w\u00e4hrend des Trainings wuchs f\u00fcr unsere Kinder immer mehr, denn es wurde angek\u00fcndigt, dass der Weihnachtsmann zu uns kommt. Als wir es gar nicht mehr aushalten konnten, riefen wir den Weihnachtsmann. Er hat uns geh\u00f6rt und nahm in unserem Kreis Platz. F\u00fcr jedes unserer Kinder hatte der Weihnachtsmann ein offenes Ohr und lauschte gern den von den Kindern vorgetragenen Gedichten und Liedern.<\/p>\n<p><a href=\"https:\/\/buna-schkopau.de\/www.faustball\/wp-content\/uploads\/2016\/12\/Weihnachtsfeier.1.jpg\"><img loading=\"lazy\" decoding=\"async\" class=\"alignnone wp-image-581 size-medium\" src=\"https:\/\/buna-schkopau.de\/www.faustball\/wp-content\/uploads\/2016\/12\/Weihnachtsfeier.1-300x169.jpg\" width=\"300\" height=\"169\" srcset=\"https:\/\/www.buna-schkopau.de\/www.faustball\/wp-content\/uploads\/2016\/12\/Weihnachtsfeier.1-300x169.jpg 300w, https:\/\/www.buna-schkopau.de\/www.faustball\/wp-content\/uploads\/2016\/12\/Weihnachtsfeier.1-768x432.jpg 768w, https:\/\/www.buna-schkopau.de\/www.faustball\/wp-content\/uploads\/2016\/12\/Weihnachtsfeier.1-590x332.jpg 590w, https:\/\/www.buna-schkopau.de\/www.faustball\/wp-content\/uploads\/2016\/12\/Weihnachtsfeier.1.jpg 1600w\" sizes=\"auto, (max-width: 300px) 100vw, 300px\" \/><\/a><\/p>\n<p><a href=\"https:\/\/buna-schkopau.de\/www.faustball\/wp-content\/uploads\/2016\/12\/Weihnachtsfeier.2.jpg\"><img loading=\"lazy\" decoding=\"async\" class=\"alignnone wp-image-582 size-medium\" src=\"https:\/\/buna-schkopau.de\/www.faustball\/wp-content\/uploads\/2016\/12\/Weihnachtsfeier.2-300x169.jpg\" width=\"300\" height=\"169\" srcset=\"https:\/\/www.buna-schkopau.de\/www.faustball\/wp-content\/uploads\/2016\/12\/Weihnachtsfeier.2-300x169.jpg 300w, https:\/\/www.buna-schkopau.de\/www.faustball\/wp-content\/uploads\/2016\/12\/Weihnachtsfeier.2-768x432.jpg 768w, https:\/\/www.buna-schkopau.de\/www.faustball\/wp-content\/uploads\/2016\/12\/Weihnachtsfeier.2-590x332.jpg 590w, https:\/\/www.buna-schkopau.de\/www.faustball\/wp-content\/uploads\/2016\/12\/Weihnachtsfeier.2.jpg 1600w\" sizes=\"auto, (max-width: 300px) 100vw, 300px\" \/><\/a><\/p>\n<p><a href=\"http:\/\/buna-schkopau.de\/www.faustball\/wp-content\/uploads\/2016\/12\/Weihnachtsfeier.3.jpg\"><img loading=\"lazy\" decoding=\"async\" class=\"alignnone wp-image-583 size-medium\" src=\"https:\/\/buna-schkopau.de\/www.faustball\/wp-content\/uploads\/2016\/12\/Weihnachtsfeier.3-300x169.jpg\" width=\"300\" height=\"169\" srcset=\"https:\/\/www.buna-schkopau.de\/www.faustball\/wp-content\/uploads\/2016\/12\/Weihnachtsfeier.3-300x169.jpg 300w, https:\/\/www.buna-schkopau.de\/www.faustball\/wp-content\/uploads\/2016\/12\/Weihnachtsfeier.3-768x432.jpg 768w, https:\/\/www.buna-schkopau.de\/www.faustball\/wp-content\/uploads\/2016\/12\/Weihnachtsfeier.3-590x332.jpg 590w, https:\/\/www.buna-schkopau.de\/www.faustball\/wp-content\/uploads\/2016\/12\/Weihnachtsfeier.3.jpg 1600w\" sizes=\"auto, (max-width: 300px) 100vw, 300px\" \/><\/a><\/p>\n<h4>Sportstunde<\/h4>\n<p>Am 19.08.2016 waren die Turnzwerge zusammen mit den Eltern bei herrlichem Sonnenschein zur gemeinsamen Sportstunde und anschlie\u00dfenden Grillen im Stadtstadion eingeladen. Zu Beginn unserer gemeinsamen Sportstunde nahmen die Turnzwerge ihre Eltern an die Hand und liefen sich warm. Nach der Erw\u00e4rmung gab es eine kurze Trinkpause und dann ging`s weiter zum Staffellauf. An den Beinen fixiert wurde auf einem kleinen Parcours die Zusammenarbeit Eltern und Kind in den Fokus gestellt. Teamarbeit war hier gefragt. Anschlie\u00dfend gab es eine lustige Wasserstaffel. Welche Mannschaft schafft es als Erste, den leeren Eimer am Ende des Parcours mit Hilfe eines nassen Handtuchs zu f\u00fcllen? Beide Mannschaften hatten am Ende gewonnen. Mit den erlaufenen Wasserbomben durften die Turnzwerge ihre Eltern bewerfen. Das lie\u00dfen sie sich nicht zweimal sagen. Dies war mal eine etwas andere Sportstunde. Allen hat es Spa\u00df gemacht. Ich bedanke mich auch nochmal bei den Eltern f\u00fcr die Teilnahme.<\/p>\n<p><a href=\"https:\/\/buna-schkopau.de\/www.faustball\/wp-content\/uploads\/2016\/12\/EKT.1.jpg\"><img loading=\"lazy\" decoding=\"async\" class=\"alignnone wp-image-585 size-medium\" src=\"https:\/\/buna-schkopau.de\/www.faustball\/wp-content\/uploads\/2016\/12\/EKT.1-300x169.jpg\" width=\"300\" height=\"169\" srcset=\"https:\/\/www.buna-schkopau.de\/www.faustball\/wp-content\/uploads\/2016\/12\/EKT.1-300x169.jpg 300w, https:\/\/www.buna-schkopau.de\/www.faustball\/wp-content\/uploads\/2016\/12\/EKT.1-768x432.jpg 768w, https:\/\/www.buna-schkopau.de\/www.faustball\/wp-content\/uploads\/2016\/12\/EKT.1-590x332.jpg 590w, https:\/\/www.buna-schkopau.de\/www.faustball\/wp-content\/uploads\/2016\/12\/EKT.1.jpg 1600w\" sizes=\"auto, (max-width: 300px) 100vw, 300px\" \/><\/a><\/p>\n<p><a href=\"https:\/\/buna-schkopau.de\/www.faustball\/wp-content\/uploads\/2016\/12\/EKT.2.jpg\"><img loading=\"lazy\" decoding=\"async\" class=\"alignnone wp-image-586 size-medium\" src=\"https:\/\/buna-schkopau.de\/www.faustball\/wp-content\/uploads\/2016\/12\/EKT.2-300x169.jpg\" width=\"300\" height=\"169\" srcset=\"https:\/\/www.buna-schkopau.de\/www.faustball\/wp-content\/uploads\/2016\/12\/EKT.2-300x169.jpg 300w, https:\/\/www.buna-schkopau.de\/www.faustball\/wp-content\/uploads\/2016\/12\/EKT.2-768x432.jpg 768w, https:\/\/www.buna-schkopau.de\/www.faustball\/wp-content\/uploads\/2016\/12\/EKT.2-590x332.jpg 590w, https:\/\/www.buna-schkopau.de\/www.faustball\/wp-content\/uploads\/2016\/12\/EKT.2.jpg 1600w\" sizes=\"auto, (max-width: 300px) 100vw, 300px\" \/><\/a><\/p>\n<p><a href=\"https:\/\/buna-schkopau.de\/www.faustball\/wp-content\/uploads\/2016\/12\/EKT.3.jpg\"><img loading=\"lazy\" decoding=\"async\" class=\"alignnone wp-image-587 size-medium\" src=\"https:\/\/buna-schkopau.de\/www.faustball\/wp-content\/uploads\/2016\/12\/EKT.3-300x169.jpg\" width=\"300\" height=\"169\" srcset=\"https:\/\/www.buna-schkopau.de\/www.faustball\/wp-content\/uploads\/2016\/12\/EKT.3-300x169.jpg 300w, https:\/\/www.buna-schkopau.de\/www.faustball\/wp-content\/uploads\/2016\/12\/EKT.3-768x432.jpg 768w, https:\/\/www.buna-schkopau.de\/www.faustball\/wp-content\/uploads\/2016\/12\/EKT.3-590x332.jpg 590w, https:\/\/www.buna-schkopau.de\/www.faustball\/wp-content\/uploads\/2016\/12\/EKT.3.jpg 1600w\" sizes=\"auto, (max-width: 300px) 100vw, 300px\" \/><\/a><\/p>\n<p><a href=\"https:\/\/buna-schkopau.de\/www.faustball\/wp-content\/uploads\/2016\/12\/EKT.4.jpg\"><img loading=\"lazy\" decoding=\"async\" class=\"alignnone wp-image-588 size-medium\" src=\"https:\/\/buna-schkopau.de\/www.faustball\/wp-content\/uploads\/2016\/12\/EKT.4-300x169.jpg\" width=\"300\" height=\"169\" srcset=\"https:\/\/www.buna-schkopau.de\/www.faustball\/wp-content\/uploads\/2016\/12\/EKT.4-300x169.jpg 300w, https:\/\/www.buna-schkopau.de\/www.faustball\/wp-content\/uploads\/2016\/12\/EKT.4-768x432.jpg 768w, https:\/\/www.buna-schkopau.de\/www.faustball\/wp-content\/uploads\/2016\/12\/EKT.4-590x332.jpg 590w, https:\/\/www.buna-schkopau.de\/www.faustball\/wp-content\/uploads\/2016\/12\/EKT.4.jpg 1600w\" sizes=\"auto, (max-width: 300px) 100vw, 300px\" \/><\/a><\/p>\n","protected":false},"excerpt":{"rendered":"<p>Training 15.11.2024 &nbsp; Weihnachtsfeier Am 09.12.2016 fand unsere Weihnachtsfeier statt. Geladen waren die Turnzwerge, Eltern, Gro\u00dfeltern und Geschwister. F\u00fcr unsere Turnzwerge fand ein Weihnachtstraining statt. Die geladenen G\u00e4ste konnten sich gem\u00fctlich zu Kaffee und Kuchen oder einem Becher Gl\u00fchwein zur\u00fccklehnen und das Training verfolgen. Die Spannung w\u00e4hrend des Trainings wuchs f\u00fcr unsere Kinder immer mehr, [&hellip;]<\/p>\n","protected":false},"author":1,"featured_media":0,"parent":0,"menu_order":0,"comment_status":"closed","ping_status":"closed","template":"","meta":{"footnotes":""},"class_list":["post-434","page","type-page","status-publish","hentry"],"_links":{"self":[{"href":"https:\/\/www.buna-schkopau.de\/www.faustball\/wp-json\/wp\/v2\/pages\/434","targetHints":{"allow":["GET"]}}],"collection":[{"href":"https:\/\/www.buna-schkopau.de\/www.faustball\/wp-json\/wp\/v2\/pages"}],"about":[{"href":"https:\/\/www.buna-schkopau.de\/www.faustball\/wp-json\/wp\/v2\/types\/page"}],"author":[{"embeddable":true,"href":"https:\/\/www.buna-schkopau.de\/www.faustball\/wp-json\/wp\/v2\/users\/1"}],"replies":[{"embeddable":true,"href":"https:\/\/www.buna-schkopau.de\/www.faustball\/wp-json\/wp\/v2\/comments?post=434"}],"version-history":[{"count":9,"href":"https:\/\/www.buna-schkopau.de\/www.faustball\/wp-json\/wp\/v2\/pages\/434\/revisions"}],"predecessor-version":[{"id":1728,"href":"https:\/\/www.buna-schkopau.de\/www.faustball\/wp-json\/wp\/v2\/pages\/434\/revisions\/1728"}],"wp:attachment":[{"href":"https:\/\/www.buna-schkopau.de\/www.faustball\/wp-json\/wp\/v2\/media?parent=434"}],"curies":[{"name":"wp","href":"https:\/\/api.w.org\/{rel}","templated":true}]}}